{"id":4971,"date":"2026-05-05T13:07:47","date_gmt":"2026-05-05T11:07:47","guid":{"rendered":"https:\/\/podlogiznatury.eu\/?post_type=product&#038;p=4971"},"modified":"2026-05-05T13:48:49","modified_gmt":"2026-05-05T11:48:49","slug":"victoria-kopia-kopia","status":"publish","type":"product","link":"https:\/\/podlogiznatury.eu\/sk\/produktu\/victoria-kopia-kopia\/","title":{"rendered":"Victoria (Kopia) (Kopia)"},"content":{"rendered":"","protected":false},"excerpt":{"rendered":"<div class=\"pzn-dodatkowy-opis\">Tepl\u00e1 pr\u00edrodn\u00e1 Victoria je podlaha, ktor\u00e1 vyzer\u00e1 skvele. Pr\u00edrodn\u00e9 podlahy s\u00fa e\u0161te odolnej\u0161ou alternat\u00edvou k pr\u00edrodn\u00fdm dosk\u00e1m, preto\u017ee vinylov\u00e9 podlahy neabsorbuj\u00fa vodu. V\u010faka tomu je mo\u017en\u00e9 na\u0161e panely in\u0161talova\u0165 aj na miesta vystaven\u00e9 vlhkosti. Pr\u00edrodn\u00e9 podlahy s\u00fa ide\u00e1lne nielen do dom\u00e1cnost\u00ed, ale aj do verejn\u00fdch priestorov, preto\u017ee s\u00fa vysoko odoln\u00e9 aj pri intenz\u00edvnom pou\u017e\u00edvan\u00ed.<\/div>\n<div class=\"mfn-builder-content mfn-default-content-buider\">\n<div class=\"section mcb-section mfn-default-section mcb-section-zcbr1uypv default-width\">\n<div class=\"mcb-background-overlay\"><\/div>\n<div class=\"section_wrapper mcb-section-inner mcb-section-inner-zcbr1uypv\">\n<div class=\"wrap mcb-wrap mcb-wrap-avsi2lfd one tablet-one mobile-one clearfix\" data-desktop-col=\"one\" data-tablet-col=\"tablet-one\" data-mobile-col=\"mobile-one\">\n<div class=\"mcb-wrap-inner mcb-wrap-inner-avsi2lfd\">\n<div class=\"mcb-wrap-background-overlay\"><\/div>\n<div class=\"column mcb-column mcb-item-1nw11g15o one-second tablet-one-second mobile-one column_column\">\n<div class=\"mcb-column-inner mcb-column-inner-1nw11g15o mcb-item-column-inner\">\n<div class=\"column_attr mfn-inline-editor clearfix\">\n<p><strong>Trieda pou\u017eite\u013enosti<\/strong><\/p>\n<p>Trieda 23\/33 znamen\u00e1, \u017ee na\u0161e vinylov\u00e9 dosky s\u00fa vhodn\u00e9 do v\u0161etk\u00fdch obytn\u00fdch a komer\u010dn\u00fdch priestorov s vysokou prem\u00e1vkou.<\/p>\n<\/div>\n<\/div>\n<\/div>\n<div class=\"column mcb-column mcb-item-t8v3t9b0v one-second tablet-one-second mobile-one column_image mte-product-icon-center\">\n<div class=\"mcb-column-inner mcb-column-inner-t8v3t9b0v mcb-item-image-inner\">\n<div class=\"image_frame element_classes image_item no_link scale-with-grid alignnone no_border\">\n<div class=\"image_wrapper\"><img loading=\"lazy\" decoding=\"async\" class=\"scale-with-grid\" src=\"https:\/\/podlogiznatury.eu\/wp-content\/uploads\/2023\/09\/ico_rest.png\" sizes=\"auto, (max-width:767px) 232px, 232px\" srcset=\"https:\/\/podlogiznatury.eu\/wp-content\/uploads\/2023\/09\/ico_rest.png 232w, https:\/\/podlogiznatury.eu\/wp-content\/uploads\/2023\/09\/ico_rest-150x35.png 150w\" alt=\"\" width=\"232\" height=\"54\" \/><\/div>\n<\/div>\n<\/div>\n<\/div>\n<\/div>\n<\/div>\n<div class=\"wrap mcb-wrap mcb-wrap-uhpxacrgd one tablet-one mobile-one clearfix\" data-desktop-col=\"one\" data-tablet-col=\"tablet-one\" data-mobile-col=\"mobile-one\">\n<div class=\"mcb-wrap-inner mcb-wrap-inner-uhpxacrgd\">\n<div class=\"mcb-wrap-background-overlay\"><\/div>\n<div class=\"column mcb-column mcb-item-dxa1z6p4p one-second tablet-one-second mobile-one column_column\">\n<div class=\"mcb-column-inner mcb-column-inner-dxa1z6p4p mcb-item-column-inner\">\n<div class=\"column_attr mfn-inline-editor clearfix\">\n<p><strong>Z\u00e1ruka<\/strong><\/p>\n<p>Rozsah z\u00e1ruky: vn\u00fatorn\u00e9 dom\u00e1ce pou\u017eitie<br \/>\nZ\u00e1ru\u010dn\u00e1 doba: do 20 rokov<\/p>\n<p>Z\u00e1ru\u010dn\u00e9 krytie: Vn\u00fatorn\u00e9 komer\u010dn\u00e9 pou\u017eitie<br \/>\nZ\u00e1ru\u010dn\u00e1 doba: do 15 rokov<\/p>\n<p><a class=\"pzn-undeline\" href=\"https:\/\/podlogiznatury.eu\/wp-content\/uploads\/2023\/09\/Gwarancja-panele-winylowe-z-kolekcji-Natural-Floors.pdf\" target=\"_blank\" rel=\"noopener\">Podrobnosti o z\u00e1ruke<\/a><\/p>\n<p>&nbsp;<\/p>\n<\/div>\n<\/div>\n<\/div>\n<div class=\"column mcb-column mcb-item-vzjwed1q5 one-second tablet-one-second mobile-one column_image mte-product-icon-center\">\n<div class=\"mcb-column-inner mcb-column-inner-vzjwed1q5 mcb-item-image-inner\">\n<div class=\"image_frame element_classes image_item no_link scale-with-grid alignnone no_border\">\n<div class=\"image_wrapper\"><img loading=\"lazy\" decoding=\"async\" class=\"scale-with-grid\" src=\"https:\/\/podlogiznatury.eu\/wp-content\/uploads\/2023\/09\/20-2_140.png\" sizes=\"auto, (max-width:767px) 140px, 140px\" srcset=\"https:\/\/podlogiznatury.eu\/wp-content\/uploads\/2023\/09\/20-2_140.png 140w, https:\/\/podlogiznatury.eu\/wp-content\/uploads\/2023\/09\/20-2_140-75x75.png 75w\" alt=\"\" width=\"140\" height=\"140\" \/><\/div>\n<\/div>\n<\/div>\n<\/div>\n<\/div>\n<\/div>\n<\/div>\n<\/div>\n<div class=\"section mcb-section mfn-default-section mcb-section-y98tt8v8n pzn-product-icons default-width\">\n<div class=\"mcb-background-overlay\"><\/div>\n<div class=\"section_wrapper mcb-section-inner mcb-section-inner-y98tt8v8n\">\n<div class=\"wrap mcb-wrap mcb-wrap-jnt0jjr04 one-fourth tablet-one-fourth mobile-one clearfix\" data-desktop-col=\"one-fourth\" data-tablet-col=\"tablet-one-fourth\" data-mobile-col=\"mobile-one\">\n<div class=\"mcb-wrap-inner mcb-wrap-inner-jnt0jjr04\">\n<div class=\"mcb-wrap-background-overlay\"><\/div>\n<div class=\"column mcb-column mcb-item-d1kqjb1s one tablet-one mobile-one column_icon_box_2\">\n<div class=\"mcb-column-inner mcb-column-inner-d1kqjb1s mcb-item-icon_box_2-inner\">\n<div class=\"mfn-icon-box mfn-icon-box-top mfn-icon-box-center\">\n<div class=\"icon-wrapper\"><img loading=\"lazy\" decoding=\"async\" class=\"attachment-full size-full\" src=\"https:\/\/podlogiznatury.eu\/wp-content\/uploads\/2023\/09\/ico1.png\" sizes=\"auto, (max-width:767px) 102px, 102px\" srcset=\"https:\/\/podlogiznatury.eu\/wp-content\/uploads\/2023\/09\/ico1.png 102w, https:\/\/podlogiznatury.eu\/wp-content\/uploads\/2023\/09\/ico1-75x75.png 75w\" alt=\"\" width=\"102\" height=\"102\" \/><\/div>\n<div class=\"desc-wrapper\">\n<h6 class=\"title\">Podlahov\u00e9 k\u00farenie<\/h6>\n<\/div>\n<\/div>\n<\/div>\n<\/div>\n<\/div>\n<\/div>\n<div class=\"wrap mcb-wrap mcb-wrap-61aisz8jt one-fourth tablet-one-fourth mobile-one clearfix\" data-desktop-col=\"one-fourth\" data-tablet-col=\"tablet-one-fourth\" data-mobile-col=\"mobile-one\">\n<div class=\"mcb-wrap-inner mcb-wrap-inner-61aisz8jt\">\n<div class=\"mcb-wrap-background-overlay\"><\/div>\n<div class=\"column mcb-column mcb-item-egv1925zk one tablet-one mobile-one column_icon_box_2\">\n<div class=\"mcb-column-inner mcb-column-inner-egv1925zk mcb-item-icon_box_2-inner\">\n<div class=\"mfn-icon-box mfn-icon-box-top mfn-icon-box-center\">\n<div class=\"icon-wrapper\"><img loading=\"lazy\" decoding=\"async\" class=\"attachment-full size-full\" src=\"https:\/\/podlogiznatury.eu\/wp-content\/uploads\/2023\/09\/ico2.png\" sizes=\"auto, (max-width:767px) 102px, 102px\" srcset=\"https:\/\/podlogiznatury.eu\/wp-content\/uploads\/2023\/09\/ico2.png 102w, https:\/\/podlogiznatury.eu\/wp-content\/uploads\/2023\/09\/ico2-75x75.png 75w\" alt=\"\" width=\"102\" height=\"102\" \/><\/div>\n<div class=\"desc-wrapper\">\n<h6 class=\"title\">Neobsahuje \u0161kodliv\u00e9 l\u00e1tky<\/h6>\n<\/div>\n<\/div>\n<\/div>\n<\/div>\n<\/div>\n<\/div>\n<div class=\"wrap mcb-wrap mcb-wrap-fnp5qf53g one-fourth tablet-one-fourth mobile-one clearfix\" data-desktop-col=\"one-fourth\" data-tablet-col=\"tablet-one-fourth\" data-mobile-col=\"mobile-one\">\n<div class=\"mcb-wrap-inner mcb-wrap-inner-fnp5qf53g\">\n<div class=\"mcb-wrap-background-overlay\"><\/div>\n<div class=\"column mcb-column mcb-item-mgjwnv1c one tablet-one mobile-one column_icon_box_2\">\n<div class=\"mcb-column-inner mcb-column-inner-mgjwnv1c mcb-item-icon_box_2-inner\">\n<div class=\"mfn-icon-box mfn-icon-box-top mfn-icon-box-center\">\n<div class=\"icon-wrapper\"><img loading=\"lazy\" decoding=\"async\" class=\"attachment-full size-full\" src=\"https:\/\/podlogiznatury.eu\/wp-content\/uploads\/2023\/09\/ico3.png\" sizes=\"auto, (max-width:767px) 102px, 102px\" srcset=\"https:\/\/podlogiznatury.eu\/wp-content\/uploads\/2023\/09\/ico3.png 102w, https:\/\/podlogiznatury.eu\/wp-content\/uploads\/2023\/09\/ico3-75x75.png 75w\" alt=\"\" width=\"102\" height=\"102\" \/><\/div>\n<div class=\"desc-wrapper\">\n<h6 class=\"title\">Tich\u00e1 a tepl\u00e1 podlaha<\/h6>\n<\/div>\n<\/div>\n<\/div>\n<\/div>\n<\/div>\n<\/div>\n<div class=\"wrap mcb-wrap mcb-wrap-mw6g3w0dq one-fourth tablet-one-fourth mobile-one clearfix\" data-desktop-col=\"one-fourth\" data-tablet-col=\"tablet-one-fourth\" data-mobile-col=\"mobile-one\">\n<div class=\"mcb-wrap-inner mcb-wrap-inner-mw6g3w0dq\">\n<div class=\"mcb-wrap-background-overlay\"><\/div>\n<div class=\"column mcb-column mcb-item-35wt84h5y one tablet-one mobile-one column_icon_box_2\">\n<div class=\"mcb-column-inner mcb-column-inner-35wt84h5y mcb-item-icon_box_2-inner\">\n<div class=\"mfn-icon-box mfn-icon-box-top mfn-icon-box-center\">\n<div class=\"icon-wrapper\"><img loading=\"lazy\" decoding=\"async\" class=\"attachment-full size-full\" src=\"https:\/\/podlogiznatury.eu\/wp-content\/uploads\/2023\/09\/ico4.png\" sizes=\"auto, (max-width:767px) 102px, 102px\" srcset=\"https:\/\/podlogiznatury.eu\/wp-content\/uploads\/2023\/09\/ico4.png 102w, https:\/\/podlogiznatury.eu\/wp-content\/uploads\/2023\/09\/ico4-75x75.png 75w\" alt=\"\" width=\"102\" height=\"102\" \/><\/div>\n<div class=\"desc-wrapper\">\n<h6 class=\"title\">100% vodotesn\u00fd<\/h6>\n<\/div>\n<\/div>\n<\/div>\n<\/div>\n<\/div>\n<\/div>\n<\/div>\n<\/div>\n<div class=\"section mcb-section mfn-default-section mcb-section-8nngbpbn pzn-product-icons default-width\">\n<div class=\"mcb-background-overlay\"><\/div>\n<div class=\"section_wrapper mcb-section-inner mcb-section-inner-8nngbpbn\">\n<div class=\"wrap mcb-wrap mcb-wrap-nqeqbzs5 one-fourth tablet-one-fourth mobile-one clearfix\" data-desktop-col=\"one-fourth\" data-tablet-col=\"tablet-one-fourth\" data-mobile-col=\"mobile-one\">\n<div class=\"mcb-wrap-inner mcb-wrap-inner-nqeqbzs5\">\n<div class=\"mcb-wrap-background-overlay\"><\/div>\n<div class=\"column mcb-column mcb-item-af3drmbb one tablet-one mobile-one column_icon_box_2\">\n<div class=\"mcb-column-inner mcb-column-inner-af3drmbb mcb-item-icon_box_2-inner\">\n<div class=\"mfn-icon-box mfn-icon-box-top mfn-icon-box-center\">\n<div class=\"icon-wrapper\"><img loading=\"lazy\" decoding=\"async\" class=\"attachment-full size-full\" src=\"https:\/\/podlogiznatury.eu\/wp-content\/uploads\/2023\/09\/i1.png\" sizes=\"auto, (max-width:767px) 102px, 102px\" srcset=\"https:\/\/podlogiznatury.eu\/wp-content\/uploads\/2023\/09\/i1.png 102w, https:\/\/podlogiznatury.eu\/wp-content\/uploads\/2023\/09\/i1-75x75.png 75w\" alt=\"\" width=\"102\" height=\"102\" \/><\/div>\n<div class=\"desc-wrapper\">\n<h6 class=\"title\">Jednoduch\u00e1 mont\u00e1\u017e<\/h6>\n<\/div>\n<\/div>\n<\/div>\n<\/div>\n<\/div>\n<\/div>\n<div class=\"wrap mcb-wrap mcb-wrap-l7t2v02b one-fourth tablet-one-fourth mobile-one clearfix\" data-desktop-col=\"one-fourth\" data-tablet-col=\"tablet-one-fourth\" data-mobile-col=\"mobile-one\">\n<div class=\"mcb-wrap-inner mcb-wrap-inner-l7t2v02b\">\n<div class=\"mcb-wrap-background-overlay\"><\/div>\n<div class=\"column mcb-column mcb-item-ro11v9sxk one tablet-one mobile-one column_icon_box_2\">\n<div class=\"mcb-column-inner mcb-column-inner-ro11v9sxk mcb-item-icon_box_2-inner\">\n<div class=\"mfn-icon-box mfn-icon-box-top mfn-icon-box-center\">\n<div class=\"icon-wrapper\"><img loading=\"lazy\" decoding=\"async\" class=\"attachment-full size-full\" src=\"https:\/\/podlogiznatury.eu\/wp-content\/uploads\/2023\/09\/i2.png\" sizes=\"auto, (max-width:767px) 102px, 102px\" srcset=\"https:\/\/podlogiznatury.eu\/wp-content\/uploads\/2023\/09\/i2.png 102w, https:\/\/podlogiznatury.eu\/wp-content\/uploads\/2023\/09\/i2-75x75.png 75w\" alt=\"\" width=\"102\" height=\"102\" \/><\/div>\n<div class=\"desc-wrapper\">\n<h6 class=\"title\">Dreven\u00e1 kon\u0161trukcia<\/h6>\n<\/div>\n<\/div>\n<\/div>\n<\/div>\n<\/div>\n<\/div>\n<div class=\"wrap mcb-wrap mcb-wrap-g8zq9k1n one-fourth tablet-one-fourth mobile-one clearfix\" data-desktop-col=\"one-fourth\" data-tablet-col=\"tablet-one-fourth\" data-mobile-col=\"mobile-one\">\n<div class=\"mcb-wrap-inner mcb-wrap-inner-g8zq9k1n\">\n<div class=\"mcb-wrap-background-overlay\"><\/div>\n<div class=\"column mcb-column mcb-item-91np4c6t9 one tablet-one mobile-one column_icon_box_2\">\n<div class=\"mcb-column-inner mcb-column-inner-91np4c6t9 mcb-item-icon_box_2-inner\">\n<div class=\"mfn-icon-box mfn-icon-box-top mfn-icon-box-center\">\n<div class=\"icon-wrapper\"><img loading=\"lazy\" decoding=\"async\" class=\"attachment-full size-full\" src=\"https:\/\/podlogiznatury.eu\/wp-content\/uploads\/2023\/09\/i3.png\" sizes=\"auto, (max-width:767px) 102px, 102px\" srcset=\"https:\/\/podlogiznatury.eu\/wp-content\/uploads\/2023\/09\/i3.png 102w, https:\/\/podlogiznatury.eu\/wp-content\/uploads\/2023\/09\/i3-75x75.png 75w\" alt=\"\" width=\"102\" height=\"102\" \/><\/div>\n<div class=\"desc-wrapper\">\n<h6 class=\"title\">Siln\u00e9 z\u00e1padky<\/h6>\n<\/div>\n<\/div>\n<\/div>\n<\/div>\n<\/div>\n<\/div>\n<div class=\"wrap mcb-wrap mcb-wrap-me0srtsns one-fourth tablet-one-fourth mobile-one clearfix\" data-desktop-col=\"one-fourth\" data-tablet-col=\"tablet-one-fourth\" data-mobile-col=\"mobile-one\">\n<div class=\"mcb-wrap-inner mcb-wrap-inner-me0srtsns\">\n<div class=\"mcb-wrap-background-overlay\"><\/div>\n<div class=\"column mcb-column mcb-item-221wfx33h one tablet-one mobile-one column_icon_box_2\">\n<div class=\"mcb-column-inner mcb-column-inner-221wfx33h mcb-item-icon_box_2-inner\">\n<div class=\"mfn-icon-box mfn-icon-box-top mfn-icon-box-center\">\n<div class=\"icon-wrapper\"><img loading=\"lazy\" decoding=\"async\" class=\"attachment-full size-full\" src=\"https:\/\/podlogiznatury.eu\/wp-content\/uploads\/2023\/09\/i4-4.png\" sizes=\"auto, (max-width:767px) 102px, 102px\" srcset=\"https:\/\/podlogiznatury.eu\/wp-content\/uploads\/2023\/09\/i4-4.png 102w, https:\/\/podlogiznatury.eu\/wp-content\/uploads\/2023\/09\/i4-4-75x75.png 75w\" alt=\"\" width=\"102\" height=\"102\" \/><\/div>\n<div class=\"desc-wrapper\">\n<h6 class=\"title\">Proti\u0161mykov\u00fd povrch<\/h6>\n<\/div>\n<\/div>\n<\/div>\n<\/div>\n<\/div>\n<\/div>\n<\/div>\n<\/div>\n<\/div>\n","protected":false},"featured_media":4981,"template":"","meta":{"footnotes":""},"product_brand":[],"product_cat":[88,51],"product_tag":[],"class_list":{"0":"post-4971","1":"product","2":"type-product","3":"status-publish","4":"has-post-thumbnail","6":"product_cat-klasicky-panel","7":"product_cat-vinylove-panely","9":"first","10":"instock","11":"taxable","12":"shipping-taxable","13":"purchasable","14":"product-type-simple"},"yoast_head":"<!-- This site is optimized with the Yoast SEO plugin v24.5 - https:\/\/yoast.com\/wordpress\/plugins\/seo\/ -->\n<title>Victoria (Kopia) (Kopia) - Pod\u0142ogi z natury<\/title>\n<meta name=\"robots\" content=\"index, follow, max-snippet:-1, max-image-preview:large, max-video-preview:-1\" \/>\n<link rel=\"canonical\" href=\"https:\/\/podlogiznatury.eu\/produktu\/panel-klejony-lvt-bali-kopia-4967\/\" \/>\n<meta property=\"og:locale\" content=\"sk_SK\" \/>\n<meta property=\"og:type\" content=\"article\" \/>\n<meta property=\"og:title\" content=\"Victoria (Kopia) (Kopia) - Pod\u0142ogi z natury\" \/>\n<meta property=\"og:description\" content=\"Tepl\u00e1 pr\u00edrodn\u00e1 Victoria je podlaha, ktor\u00e1 vyzer\u00e1 skvele. Pr\u00edrodn\u00e9 podlahy s\u00fa e\u0161te odolnej\u0161ou alternat\u00edvou k pr\u00edrodn\u00fdm dosk\u00e1m, preto\u017ee vinylov\u00e9 podlahy neabsorbuj\u00fa vodu. V\u010faka tomu je mo\u017en\u00e9 na\u0161e panely in\u0161talova\u0165 aj na miesta vystaven\u00e9 vlhkosti. Pr\u00edrodn\u00e9 podlahy s\u00fa ide\u00e1lne nielen do dom\u00e1cnost\u00ed, ale aj do verejn\u00fdch priestorov, preto\u017ee s\u00fa vysoko odoln\u00e9 aj pri intenz\u00edvnom pou\u017e\u00edvan\u00ed.            Trieda pou\u017eite\u013enosti  Trieda 23\/33 znamen\u00e1, \u017ee na\u0161e vinylov\u00e9 dosky s\u00fa vhodn\u00e9 do v\u0161etk\u00fdch obytn\u00fdch a komer\u010dn\u00fdch priestorov s vysokou prem\u00e1vkou.                     Z\u00e1ruka  Rozsah z\u00e1ruky: vn\u00fatorn\u00e9 dom\u00e1ce pou\u017eitie Z\u00e1ru\u010dn\u00e1 doba: do 20 rokov  Z\u00e1ru\u010dn\u00e9 krytie: Vn\u00fatorn\u00e9 komer\u010dn\u00e9 pou\u017eitie Z\u00e1ru\u010dn\u00e1 doba: do 15 rokov  Podrobnosti o z\u00e1ruke  &nbsp;                           Podlahov\u00e9 k\u00farenie               Neobsahuje \u0161kodliv\u00e9 l\u00e1tky               Tich\u00e1 a tepl\u00e1 podlaha               100% vodotesn\u00fd                    Jednoduch\u00e1 mont\u00e1\u017e               Dreven\u00e1 kon\u0161trukcia               Siln\u00e9 z\u00e1padky               Proti\u0161mykov\u00fd povrch\" \/>\n<meta property=\"og:url\" content=\"https:\/\/podlogiznatury.eu\/produktu\/panel-klejony-lvt-bali-kopia-4967\/\" \/>\n<meta property=\"og:site_name\" content=\"Pod\u0142ogi z natury\" \/>\n<meta property=\"article:modified_time\" content=\"2026-05-05T11:48:49+00:00\" \/>\n<meta property=\"og:image\" content=\"https:\/\/podlogiznatury.eu\/wp-content\/uploads\/2025\/11\/bali-whole-design.jpeg\" \/>\n\t<meta property=\"og:image:width\" content=\"1165\" \/>\n\t<meta property=\"og:image:height\" content=\"1600\" \/>\n\t<meta property=\"og:image:type\" content=\"image\/jpeg\" \/>\n<meta name=\"twitter:card\" content=\"summary_large_image\" \/>\n<meta name=\"twitter:label1\" content=\"Predpokladan\u00fd \u010das \u010d\u00edtania\" \/>\n\t<meta name=\"twitter:data1\" content=\"1 min\u00fata\" \/>\n<script type=\"application\/ld+json\" class=\"yoast-schema-graph\">{\"@context\":\"https:\/\/schema.org\",\"@graph\":[{\"@type\":\"WebPage\",\"@id\":\"https:\/\/podlogiznatury.eu\/produktu\/panel-klejony-lvt-bali-kopia-4967\/\",\"url\":\"https:\/\/podlogiznatury.eu\/produktu\/panel-klejony-lvt-bali-kopia-4967\/\",\"name\":\"Victoria (Kopia) (Kopia) - Pod\u0142ogi z natury\",\"isPartOf\":{\"@id\":\"https:\/\/podlogiznatury.eu\/#website\"},\"primaryImageOfPage\":{\"@id\":\"https:\/\/podlogiznatury.eu\/produktu\/panel-klejony-lvt-bali-kopia-4967\/#primaryimage\"},\"image\":{\"@id\":\"https:\/\/podlogiznatury.eu\/produktu\/panel-klejony-lvt-bali-kopia-4967\/#primaryimage\"},\"thumbnailUrl\":\"https:\/\/podlogiznatury.eu\/wp-content\/uploads\/2026\/05\/BALI-LVT-scaled.jpg\",\"datePublished\":\"2026-05-05T11:07:47+00:00\",\"dateModified\":\"2026-05-05T11:48:49+00:00\",\"breadcrumb\":{\"@id\":\"https:\/\/podlogiznatury.eu\/produktu\/panel-klejony-lvt-bali-kopia-4967\/#breadcrumb\"},\"inLanguage\":\"sk-SK\",\"potentialAction\":[{\"@type\":\"ReadAction\",\"target\":[\"https:\/\/podlogiznatury.eu\/produktu\/panel-klejony-lvt-bali-kopia-4967\/\"]}]},{\"@type\":\"ImageObject\",\"inLanguage\":\"sk-SK\",\"@id\":\"https:\/\/podlogiznatury.eu\/produktu\/panel-klejony-lvt-bali-kopia-4967\/#primaryimage\",\"url\":\"https:\/\/podlogiznatury.eu\/wp-content\/uploads\/2026\/05\/BALI-LVT-scaled.jpg\",\"contentUrl\":\"https:\/\/podlogiznatury.eu\/wp-content\/uploads\/2026\/05\/BALI-LVT-scaled.jpg\",\"width\":1280,\"height\":2560,\"caption\":\"42\"},{\"@type\":\"BreadcrumbList\",\"@id\":\"https:\/\/podlogiznatury.eu\/produktu\/panel-klejony-lvt-bali-kopia-4967\/#breadcrumb\",\"itemListElement\":[{\"@type\":\"ListItem\",\"position\":1,\"name\":\"Strona g\u0142\u00f3wna\",\"item\":\"https:\/\/podlogiznatury.eu\/sk\/\"},{\"@type\":\"ListItem\",\"position\":2,\"name\":\"Sklep\",\"item\":\"https:\/\/podlogiznatury.eu\/sklep\/\"},{\"@type\":\"ListItem\",\"position\":3,\"name\":\"Victoria (Kopia) (Kopia)\"}]},{\"@type\":\"WebSite\",\"@id\":\"https:\/\/podlogiznatury.eu\/#website\",\"url\":\"https:\/\/podlogiznatury.eu\/\",\"name\":\"Pod\u0142ogi z natury\",\"description\":\"\",\"potentialAction\":[{\"@type\":\"SearchAction\",\"target\":{\"@type\":\"EntryPoint\",\"urlTemplate\":\"https:\/\/podlogiznatury.eu\/?s={search_term_string}\"},\"query-input\":{\"@type\":\"PropertyValueSpecification\",\"valueRequired\":true,\"valueName\":\"search_term_string\"}}],\"inLanguage\":\"sk-SK\"}]}<\/script>\n<!-- \/ Yoast SEO plugin. -->","yoast_head_json":{"title":"Victoria (Kopia) (Kopia) - Pod\u0142ogi z natury","robots":{"index":"index","follow":"follow","max-snippet":"max-snippet:-1","max-image-preview":"max-image-preview:large","max-video-preview":"max-video-preview:-1"},"canonical":"https:\/\/podlogiznatury.eu\/produktu\/panel-klejony-lvt-bali-kopia-4967\/","og_locale":"sk_SK","og_type":"article","og_title":"Victoria (Kopia) (Kopia) - Pod\u0142ogi z natury","og_description":"Tepl\u00e1 pr\u00edrodn\u00e1 Victoria je podlaha, ktor\u00e1 vyzer\u00e1 skvele. Pr\u00edrodn\u00e9 podlahy s\u00fa e\u0161te odolnej\u0161ou alternat\u00edvou k pr\u00edrodn\u00fdm dosk\u00e1m, preto\u017ee vinylov\u00e9 podlahy neabsorbuj\u00fa vodu. V\u010faka tomu je mo\u017en\u00e9 na\u0161e panely in\u0161talova\u0165 aj na miesta vystaven\u00e9 vlhkosti. Pr\u00edrodn\u00e9 podlahy s\u00fa ide\u00e1lne nielen do dom\u00e1cnost\u00ed, ale aj do verejn\u00fdch priestorov, preto\u017ee s\u00fa vysoko odoln\u00e9 aj pri intenz\u00edvnom pou\u017e\u00edvan\u00ed.            Trieda pou\u017eite\u013enosti  Trieda 23\/33 znamen\u00e1, \u017ee na\u0161e vinylov\u00e9 dosky s\u00fa vhodn\u00e9 do v\u0161etk\u00fdch obytn\u00fdch a komer\u010dn\u00fdch priestorov s vysokou prem\u00e1vkou.                     Z\u00e1ruka  Rozsah z\u00e1ruky: vn\u00fatorn\u00e9 dom\u00e1ce pou\u017eitie Z\u00e1ru\u010dn\u00e1 doba: do 20 rokov  Z\u00e1ru\u010dn\u00e9 krytie: Vn\u00fatorn\u00e9 komer\u010dn\u00e9 pou\u017eitie Z\u00e1ru\u010dn\u00e1 doba: do 15 rokov  Podrobnosti o z\u00e1ruke  &nbsp;                           Podlahov\u00e9 k\u00farenie               Neobsahuje \u0161kodliv\u00e9 l\u00e1tky               Tich\u00e1 a tepl\u00e1 podlaha               100% vodotesn\u00fd                    Jednoduch\u00e1 mont\u00e1\u017e               Dreven\u00e1 kon\u0161trukcia               Siln\u00e9 z\u00e1padky               Proti\u0161mykov\u00fd povrch","og_url":"https:\/\/podlogiznatury.eu\/produktu\/panel-klejony-lvt-bali-kopia-4967\/","og_site_name":"Pod\u0142ogi z natury","article_modified_time":"2026-05-05T11:48:49+00:00","og_image":[{"width":1165,"height":1600,"url":"https:\/\/podlogiznatury.eu\/wp-content\/uploads\/2025\/11\/bali-whole-design.jpeg","type":"image\/jpeg"}],"twitter_card":"summary_large_image","twitter_misc":{"Predpokladan\u00fd \u010das \u010d\u00edtania":"1 min\u00fata"},"schema":{"@context":"https:\/\/schema.org","@graph":[{"@type":"WebPage","@id":"https:\/\/podlogiznatury.eu\/produktu\/panel-klejony-lvt-bali-kopia-4967\/","url":"https:\/\/podlogiznatury.eu\/produktu\/panel-klejony-lvt-bali-kopia-4967\/","name":"Victoria (Kopia) (Kopia) - Pod\u0142ogi z natury","isPartOf":{"@id":"https:\/\/podlogiznatury.eu\/#website"},"primaryImageOfPage":{"@id":"https:\/\/podlogiznatury.eu\/produktu\/panel-klejony-lvt-bali-kopia-4967\/#primaryimage"},"image":{"@id":"https:\/\/podlogiznatury.eu\/produktu\/panel-klejony-lvt-bali-kopia-4967\/#primaryimage"},"thumbnailUrl":"https:\/\/podlogiznatury.eu\/wp-content\/uploads\/2026\/05\/BALI-LVT-scaled.jpg","datePublished":"2026-05-05T11:07:47+00:00","dateModified":"2026-05-05T11:48:49+00:00","breadcrumb":{"@id":"https:\/\/podlogiznatury.eu\/produktu\/panel-klejony-lvt-bali-kopia-4967\/#breadcrumb"},"inLanguage":"sk-SK","potentialAction":[{"@type":"ReadAction","target":["https:\/\/podlogiznatury.eu\/produktu\/panel-klejony-lvt-bali-kopia-4967\/"]}]},{"@type":"ImageObject","inLanguage":"sk-SK","@id":"https:\/\/podlogiznatury.eu\/produktu\/panel-klejony-lvt-bali-kopia-4967\/#primaryimage","url":"https:\/\/podlogiznatury.eu\/wp-content\/uploads\/2026\/05\/BALI-LVT-scaled.jpg","contentUrl":"https:\/\/podlogiznatury.eu\/wp-content\/uploads\/2026\/05\/BALI-LVT-scaled.jpg","width":1280,"height":2560,"caption":"42"},{"@type":"BreadcrumbList","@id":"https:\/\/podlogiznatury.eu\/produktu\/panel-klejony-lvt-bali-kopia-4967\/#breadcrumb","itemListElement":[{"@type":"ListItem","position":1,"name":"Strona g\u0142\u00f3wna","item":"https:\/\/podlogiznatury.eu\/sk\/"},{"@type":"ListItem","position":2,"name":"Sklep","item":"https:\/\/podlogiznatury.eu\/sklep\/"},{"@type":"ListItem","position":3,"name":"Victoria (Kopia) (Kopia)"}]},{"@type":"WebSite","@id":"https:\/\/podlogiznatury.eu\/#website","url":"https:\/\/podlogiznatury.eu\/","name":"Pod\u0142ogi z natury","description":"","potentialAction":[{"@type":"SearchAction","target":{"@type":"EntryPoint","urlTemplate":"https:\/\/podlogiznatury.eu\/?s={search_term_string}"},"query-input":{"@type":"PropertyValueSpecification","valueRequired":true,"valueName":"search_term_string"}}],"inLanguage":"sk-SK"}]}},"_links":{"self":[{"href":"https:\/\/podlogiznatury.eu\/sk\/wp-json\/wp\/v2\/product\/4971","targetHints":{"allow":["GET"]}}],"collection":[{"href":"https:\/\/podlogiznatury.eu\/sk\/wp-json\/wp\/v2\/product"}],"about":[{"href":"https:\/\/podlogiznatury.eu\/sk\/wp-json\/wp\/v2\/types\/product"}],"version-history":[{"count":1,"href":"https:\/\/podlogiznatury.eu\/sk\/wp-json\/wp\/v2\/product\/4971\/revisions"}],"predecessor-version":[{"id":4975,"href":"https:\/\/podlogiznatury.eu\/sk\/wp-json\/wp\/v2\/product\/4971\/revisions\/4975"}],"wp:featuredmedia":[{"embeddable":true,"href":"https:\/\/podlogiznatury.eu\/sk\/wp-json\/wp\/v2\/media\/4981"}],"wp:attachment":[{"href":"https:\/\/podlogiznatury.eu\/sk\/wp-json\/wp\/v2\/media?parent=4971"}],"wp:term":[{"taxonomy":"product_brand","embeddable":true,"href":"https:\/\/podlogiznatury.eu\/sk\/wp-json\/wp\/v2\/product_brand?post=4971"},{"taxonomy":"product_cat","embeddable":true,"href":"https:\/\/podlogiznatury.eu\/sk\/wp-json\/wp\/v2\/product_cat?post=4971"},{"taxonomy":"product_tag","embeddable":true,"href":"https:\/\/podlogiznatury.eu\/sk\/wp-json\/wp\/v2\/product_tag?post=4971"}],"curies":[{"name":"wp","href":"https:\/\/api.w.org\/{rel}","templated":true}]}}