{"id":4875,"date":"2026-03-25T11:41:54","date_gmt":"2026-03-25T10:41:54","guid":{"rendered":"https:\/\/podlogiznatury.eu\/?post_type=product&#038;p=4875"},"modified":"2026-03-25T11:50:59","modified_gmt":"2026-03-25T10:50:59","slug":"folia-na-podlahove-vykurovanie-hotfloor-kopia-2","status":"publish","type":"product","link":"https:\/\/podlogiznatury.eu\/sk\/produktu\/folia-na-podlahove-vykurovanie-hotfloor-kopia-2\/","title":{"rendered":"F\u00f3lia na podlahov\u00e9 vykurovanie HOTFLOOR (Kopia)"},"content":{"rendered":"","protected":false},"excerpt":{"rendered":"<p><strong>Ve\u013ekos\u0165 1m x10<\/strong>.<\/p>\n<p><strong>Modern\u00e1 a jedin\u00e1 technologicky vyspel\u00e1 izola\u010dn\u00e1 f\u00f3lia na trhu, \u0161peci\u00e1lne vyvinut\u00e1 na in\u0161tal\u00e1ciu pod syst\u00e9my podlahov\u00e9ho vykurovania.<\/strong><\/p>\n<p>Vyroben\u00e9 pomocou \u0161pi\u010dkovej trojvrstvovej met\u00f3dy lepenia. \u0160peci\u00e1lne lepidlo poskytuje dodato\u010dn\u00fa izola\u010dn\u00fa vrstvu s metalizovanou polypropyl\u00e9novou bari\u00e9rou, ktor\u00e1 rovnomerne odovzd\u00e1va teplo a z\u00e1rove\u0148 ur\u00fdch\u013euje reak\u010dn\u00fd \u010das syst\u00e9mu podlahov\u00e9ho vykurovania.<\/p>\n<p>Klady:<\/p>\n<ul>\n<li>eliminuje tepeln\u00e9 mosty na okrajoch podlahy<\/li>\n<li>vynikaj\u00faca tepeln\u00e1 bari\u00e9ra, ktor\u00e1 zvy\u0161uje \u00fa\u010dinnos\u0165 syst\u00e9mu podlahov\u00e9ho vykurovania<\/li>\n<li>pokro\u010dil\u00e1 technol\u00f3gia, ktor\u00e1 umo\u017e\u0148uje pou\u017eitie f\u00f3lie samostatne alebo na inom izola\u010dnom v\u00fdrobku.<\/li>\n<li>chr\u00e1ni pred vlhkos\u0165ou z cementovej malty po\u010das kladenia vrchn\u00fdch vrstiev podlahy<\/li>\n<li>vodotesn\u00fd, nenasiakav\u00fd povrch, odoln\u00fd proti hnilobe a \u0161kodcom<\/li>\n<li>100 % recyklovate\u013en\u00fd<\/li>\n<\/ul>\n","protected":false},"featured_media":4891,"template":"","meta":{"footnotes":""},"product_brand":[],"product_cat":[83],"product_tag":[],"class_list":{"0":"post-4875","1":"product","2":"type-product","3":"status-publish","4":"has-post-thumbnail","6":"product_cat-prislusenstvo","8":"first","9":"instock","10":"taxable","11":"shipping-taxable","12":"purchasable","13":"product-type-simple"},"yoast_head":"<!-- This site is optimized with the Yoast SEO plugin v24.5 - https:\/\/yoast.com\/wordpress\/plugins\/seo\/ -->\n<title>F\u00f3lia na podlahov\u00e9 vykurovanie HOTFLOOR (Kopia) - Pod\u0142ogi z natury<\/title>\n<meta name=\"robots\" content=\"index, follow, max-snippet:-1, max-image-preview:large, max-video-preview:-1\" \/>\n<link rel=\"canonical\" href=\"https:\/\/podlogiznatury.eu\/sk\/produktu\/folia-na-podlahove-vykurovanie-hotfloor-kopia-2\/\" \/>\n<meta property=\"og:locale\" content=\"sk_SK\" \/>\n<meta property=\"og:type\" content=\"article\" \/>\n<meta property=\"og:title\" content=\"F\u00f3lia na podlahov\u00e9 vykurovanie HOTFLOOR (Kopia) - Pod\u0142ogi z natury\" \/>\n<meta property=\"og:description\" content=\"Ve\u013ekos\u0165 1m x10. Modern\u00e1 a jedin\u00e1 technologicky vyspel\u00e1 izola\u010dn\u00e1 f\u00f3lia na trhu, \u0161peci\u00e1lne vyvinut\u00e1 na in\u0161tal\u00e1ciu pod syst\u00e9my podlahov\u00e9ho vykurovania. Vyroben\u00e9 pomocou \u0161pi\u010dkovej trojvrstvovej met\u00f3dy lepenia. \u0160peci\u00e1lne lepidlo poskytuje dodato\u010dn\u00fa izola\u010dn\u00fa vrstvu s metalizovanou polypropyl\u00e9novou bari\u00e9rou, ktor\u00e1 rovnomerne odovzd\u00e1va teplo a z\u00e1rove\u0148 ur\u00fdch\u013euje reak\u010dn\u00fd \u010das syst\u00e9mu podlahov\u00e9ho vykurovania. Klady:  eliminuje tepeln\u00e9 mosty na okrajoch podlahy  vynikaj\u00faca tepeln\u00e1 bari\u00e9ra, ktor\u00e1 zvy\u0161uje \u00fa\u010dinnos\u0165 syst\u00e9mu podlahov\u00e9ho vykurovania  pokro\u010dil\u00e1 technol\u00f3gia, ktor\u00e1 umo\u017e\u0148uje pou\u017eitie f\u00f3lie samostatne alebo na inom izola\u010dnom v\u00fdrobku.  chr\u00e1ni pred vlhkos\u0165ou z cementovej malty po\u010das kladenia vrchn\u00fdch vrstiev podlahy  vodotesn\u00fd, nenasiakav\u00fd povrch, odoln\u00fd proti hnilobe a \u0161kodcom  100 % recyklovate\u013en\u00fd\" \/>\n<meta property=\"og:url\" content=\"https:\/\/podlogiznatury.eu\/sk\/produktu\/folia-na-podlahove-vykurovanie-hotfloor-kopia-2\/\" \/>\n<meta property=\"og:site_name\" content=\"Pod\u0142ogi z natury\" \/>\n<meta property=\"article:modified_time\" content=\"2026-03-25T10:50:59+00:00\" \/>\n<meta property=\"og:image\" content=\"https:\/\/podlogiznatury.eu\/wp-content\/uploads\/2025\/09\/folia_pod_ogrzewanie_podlogowe.jpg\" \/>\n\t<meta property=\"og:image:width\" content=\"1025\" \/>\n\t<meta property=\"og:image:height\" content=\"640\" \/>\n\t<meta property=\"og:image:type\" content=\"image\/jpeg\" \/>\n<meta name=\"twitter:card\" content=\"summary_large_image\" \/>\n<script type=\"application\/ld+json\" class=\"yoast-schema-graph\">{\"@context\":\"https:\/\/schema.org\",\"@graph\":[{\"@type\":\"WebPage\",\"@id\":\"https:\/\/podlogiznatury.eu\/sk\/produktu\/folia-na-podlahove-vykurovanie-hotfloor-kopia-2\/\",\"url\":\"https:\/\/podlogiznatury.eu\/sk\/produktu\/folia-na-podlahove-vykurovanie-hotfloor-kopia-2\/\",\"name\":\"F\u00f3lia na podlahov\u00e9 vykurovanie HOTFLOOR (Kopia) - Pod\u0142ogi z natury\",\"isPartOf\":{\"@id\":\"https:\/\/podlogiznatury.eu\/#website\"},\"primaryImageOfPage\":{\"@id\":\"https:\/\/podlogiznatury.eu\/sk\/produktu\/folia-na-podlahove-vykurovanie-hotfloor-kopia-2\/#primaryimage\"},\"image\":{\"@id\":\"https:\/\/podlogiznatury.eu\/sk\/produktu\/folia-na-podlahove-vykurovanie-hotfloor-kopia-2\/#primaryimage\"},\"thumbnailUrl\":\"https:\/\/podlogiznatury.eu\/wp-content\/uploads\/2026\/03\/wiz_rolka_pion-scaled.jpg\",\"datePublished\":\"2026-03-25T10:41:54+00:00\",\"dateModified\":\"2026-03-25T10:50:59+00:00\",\"breadcrumb\":{\"@id\":\"https:\/\/podlogiznatury.eu\/sk\/produktu\/folia-na-podlahove-vykurovanie-hotfloor-kopia-2\/#breadcrumb\"},\"inLanguage\":\"sk-SK\",\"potentialAction\":[{\"@type\":\"ReadAction\",\"target\":[\"https:\/\/podlogiznatury.eu\/sk\/produktu\/folia-na-podlahove-vykurovanie-hotfloor-kopia-2\/\"]}]},{\"@type\":\"ImageObject\",\"inLanguage\":\"sk-SK\",\"@id\":\"https:\/\/podlogiznatury.eu\/sk\/produktu\/folia-na-podlahove-vykurovanie-hotfloor-kopia-2\/#primaryimage\",\"url\":\"https:\/\/podlogiznatury.eu\/wp-content\/uploads\/2026\/03\/wiz_rolka_pion-scaled.jpg\",\"contentUrl\":\"https:\/\/podlogiznatury.eu\/wp-content\/uploads\/2026\/03\/wiz_rolka_pion-scaled.jpg\",\"width\":1836,\"height\":2560},{\"@type\":\"BreadcrumbList\",\"@id\":\"https:\/\/podlogiznatury.eu\/sk\/produktu\/folia-na-podlahove-vykurovanie-hotfloor-kopia-2\/#breadcrumb\",\"itemListElement\":[{\"@type\":\"ListItem\",\"position\":1,\"name\":\"Strona g\u0142\u00f3wna\",\"item\":\"https:\/\/podlogiznatury.eu\/sk\/\"},{\"@type\":\"ListItem\",\"position\":2,\"name\":\"Sklep\",\"item\":\"https:\/\/podlogiznatury.eu\/sklep\/\"},{\"@type\":\"ListItem\",\"position\":3,\"name\":\"F\u00f3lia na podlahov\u00e9 vykurovanie HOTFLOOR (Kopia)\"}]},{\"@type\":\"WebSite\",\"@id\":\"https:\/\/podlogiznatury.eu\/#website\",\"url\":\"https:\/\/podlogiznatury.eu\/\",\"name\":\"Pod\u0142ogi z natury\",\"description\":\"\",\"potentialAction\":[{\"@type\":\"SearchAction\",\"target\":{\"@type\":\"EntryPoint\",\"urlTemplate\":\"https:\/\/podlogiznatury.eu\/?s={search_term_string}\"},\"query-input\":{\"@type\":\"PropertyValueSpecification\",\"valueRequired\":true,\"valueName\":\"search_term_string\"}}],\"inLanguage\":\"sk-SK\"}]}<\/script>\n<!-- \/ Yoast SEO plugin. -->","yoast_head_json":{"title":"F\u00f3lia na podlahov\u00e9 vykurovanie HOTFLOOR (Kopia) - Pod\u0142ogi z natury","robots":{"index":"index","follow":"follow","max-snippet":"max-snippet:-1","max-image-preview":"max-image-preview:large","max-video-preview":"max-video-preview:-1"},"canonical":"https:\/\/podlogiznatury.eu\/sk\/produktu\/folia-na-podlahove-vykurovanie-hotfloor-kopia-2\/","og_locale":"sk_SK","og_type":"article","og_title":"F\u00f3lia na podlahov\u00e9 vykurovanie HOTFLOOR (Kopia) - Pod\u0142ogi z natury","og_description":"Ve\u013ekos\u0165 1m x10. Modern\u00e1 a jedin\u00e1 technologicky vyspel\u00e1 izola\u010dn\u00e1 f\u00f3lia na trhu, \u0161peci\u00e1lne vyvinut\u00e1 na in\u0161tal\u00e1ciu pod syst\u00e9my podlahov\u00e9ho vykurovania. Vyroben\u00e9 pomocou \u0161pi\u010dkovej trojvrstvovej met\u00f3dy lepenia. \u0160peci\u00e1lne lepidlo poskytuje dodato\u010dn\u00fa izola\u010dn\u00fa vrstvu s metalizovanou polypropyl\u00e9novou bari\u00e9rou, ktor\u00e1 rovnomerne odovzd\u00e1va teplo a z\u00e1rove\u0148 ur\u00fdch\u013euje reak\u010dn\u00fd \u010das syst\u00e9mu podlahov\u00e9ho vykurovania. Klady:  eliminuje tepeln\u00e9 mosty na okrajoch podlahy  vynikaj\u00faca tepeln\u00e1 bari\u00e9ra, ktor\u00e1 zvy\u0161uje \u00fa\u010dinnos\u0165 syst\u00e9mu podlahov\u00e9ho vykurovania  pokro\u010dil\u00e1 technol\u00f3gia, ktor\u00e1 umo\u017e\u0148uje pou\u017eitie f\u00f3lie samostatne alebo na inom izola\u010dnom v\u00fdrobku.  chr\u00e1ni pred vlhkos\u0165ou z cementovej malty po\u010das kladenia vrchn\u00fdch vrstiev podlahy  vodotesn\u00fd, nenasiakav\u00fd povrch, odoln\u00fd proti hnilobe a \u0161kodcom  100 % recyklovate\u013en\u00fd","og_url":"https:\/\/podlogiznatury.eu\/sk\/produktu\/folia-na-podlahove-vykurovanie-hotfloor-kopia-2\/","og_site_name":"Pod\u0142ogi z natury","article_modified_time":"2026-03-25T10:50:59+00:00","og_image":[{"width":1025,"height":640,"url":"https:\/\/podlogiznatury.eu\/wp-content\/uploads\/2025\/09\/folia_pod_ogrzewanie_podlogowe.jpg","type":"image\/jpeg"}],"twitter_card":"summary_large_image","schema":{"@context":"https:\/\/schema.org","@graph":[{"@type":"WebPage","@id":"https:\/\/podlogiznatury.eu\/sk\/produktu\/folia-na-podlahove-vykurovanie-hotfloor-kopia-2\/","url":"https:\/\/podlogiznatury.eu\/sk\/produktu\/folia-na-podlahove-vykurovanie-hotfloor-kopia-2\/","name":"F\u00f3lia na podlahov\u00e9 vykurovanie HOTFLOOR (Kopia) - Pod\u0142ogi z natury","isPartOf":{"@id":"https:\/\/podlogiznatury.eu\/#website"},"primaryImageOfPage":{"@id":"https:\/\/podlogiznatury.eu\/sk\/produktu\/folia-na-podlahove-vykurovanie-hotfloor-kopia-2\/#primaryimage"},"image":{"@id":"https:\/\/podlogiznatury.eu\/sk\/produktu\/folia-na-podlahove-vykurovanie-hotfloor-kopia-2\/#primaryimage"},"thumbnailUrl":"https:\/\/podlogiznatury.eu\/wp-content\/uploads\/2026\/03\/wiz_rolka_pion-scaled.jpg","datePublished":"2026-03-25T10:41:54+00:00","dateModified":"2026-03-25T10:50:59+00:00","breadcrumb":{"@id":"https:\/\/podlogiznatury.eu\/sk\/produktu\/folia-na-podlahove-vykurovanie-hotfloor-kopia-2\/#breadcrumb"},"inLanguage":"sk-SK","potentialAction":[{"@type":"ReadAction","target":["https:\/\/podlogiznatury.eu\/sk\/produktu\/folia-na-podlahove-vykurovanie-hotfloor-kopia-2\/"]}]},{"@type":"ImageObject","inLanguage":"sk-SK","@id":"https:\/\/podlogiznatury.eu\/sk\/produktu\/folia-na-podlahove-vykurovanie-hotfloor-kopia-2\/#primaryimage","url":"https:\/\/podlogiznatury.eu\/wp-content\/uploads\/2026\/03\/wiz_rolka_pion-scaled.jpg","contentUrl":"https:\/\/podlogiznatury.eu\/wp-content\/uploads\/2026\/03\/wiz_rolka_pion-scaled.jpg","width":1836,"height":2560},{"@type":"BreadcrumbList","@id":"https:\/\/podlogiznatury.eu\/sk\/produktu\/folia-na-podlahove-vykurovanie-hotfloor-kopia-2\/#breadcrumb","itemListElement":[{"@type":"ListItem","position":1,"name":"Strona g\u0142\u00f3wna","item":"https:\/\/podlogiznatury.eu\/sk\/"},{"@type":"ListItem","position":2,"name":"Sklep","item":"https:\/\/podlogiznatury.eu\/sklep\/"},{"@type":"ListItem","position":3,"name":"F\u00f3lia na podlahov\u00e9 vykurovanie HOTFLOOR (Kopia)"}]},{"@type":"WebSite","@id":"https:\/\/podlogiznatury.eu\/#website","url":"https:\/\/podlogiznatury.eu\/","name":"Pod\u0142ogi z natury","description":"","potentialAction":[{"@type":"SearchAction","target":{"@type":"EntryPoint","urlTemplate":"https:\/\/podlogiznatury.eu\/?s={search_term_string}"},"query-input":{"@type":"PropertyValueSpecification","valueRequired":true,"valueName":"search_term_string"}}],"inLanguage":"sk-SK"}]}},"_links":{"self":[{"href":"https:\/\/podlogiznatury.eu\/sk\/wp-json\/wp\/v2\/product\/4875","targetHints":{"allow":["GET"]}}],"collection":[{"href":"https:\/\/podlogiznatury.eu\/sk\/wp-json\/wp\/v2\/product"}],"about":[{"href":"https:\/\/podlogiznatury.eu\/sk\/wp-json\/wp\/v2\/types\/product"}],"version-history":[{"count":1,"href":"https:\/\/podlogiznatury.eu\/sk\/wp-json\/wp\/v2\/product\/4875\/revisions"}],"predecessor-version":[{"id":4879,"href":"https:\/\/podlogiznatury.eu\/sk\/wp-json\/wp\/v2\/product\/4875\/revisions\/4879"}],"wp:featuredmedia":[{"embeddable":true,"href":"https:\/\/podlogiznatury.eu\/sk\/wp-json\/wp\/v2\/media\/4891"}],"wp:attachment":[{"href":"https:\/\/podlogiznatury.eu\/sk\/wp-json\/wp\/v2\/media?parent=4875"}],"wp:term":[{"taxonomy":"product_brand","embeddable":true,"href":"https:\/\/podlogiznatury.eu\/sk\/wp-json\/wp\/v2\/product_brand?post=4875"},{"taxonomy":"product_cat","embeddable":true,"href":"https:\/\/podlogiznatury.eu\/sk\/wp-json\/wp\/v2\/product_cat?post=4875"},{"taxonomy":"product_tag","embeddable":true,"href":"https:\/\/podlogiznatury.eu\/sk\/wp-json\/wp\/v2\/product_tag?post=4875"}],"curies":[{"name":"wp","href":"https:\/\/api.w.org\/{rel}","templated":true}]}}