{"id":797,"date":"2024-02-15T12:20:19","date_gmt":"2024-02-15T11:20:19","guid":{"rendered":"https:\/\/podlogiznatury.eu\/?post_type=product&#038;p=797"},"modified":"2024-09-11T18:25:56","modified_gmt":"2024-09-11T16:25:56","slug":"calgary","status":"publish","type":"product","link":"https:\/\/podlogiznatury.eu\/fr\/produkt\/calgary\/","title":{"rendered":"Calgary"},"content":{"rendered":"","protected":false},"excerpt":{"rendered":"<div class=\"pzn-dodatkowy-opis\">Calgary est un design vraiment unique bas\u00e9 sur les vraies couleurs du bois nordique avec des d\u00e9tails de mastic autoris\u00e9s. Tous nos d\u00e9cors sont des sols de premi\u00e8re classe qui se caract\u00e9risent par d&rsquo;excellentes propri\u00e9t\u00e9s, une longue dur\u00e9e de vie et une installation facile. Gr\u00e2ce \u00e0 la sous-couche int\u00e9gr\u00e9e de 1 mm d&rsquo;\u00e9paisseur, la pose est rapide et efficace. Vous gagnerez non seulement du temps, mais \u00e9galement de l\u2019argent.<\/div>\n<div class=\"mfn-builder-content mfn-default-content-buider\">\n<div class=\"section mcb-section mfn-default-section mcb-section-zcbr1uypv default-width\">\n<div class=\"mcb-background-overlay\"><\/div>\n<div class=\"section_wrapper mcb-section-inner mcb-section-inner-zcbr1uypv\">\n<div class=\"wrap mcb-wrap mcb-wrap-avsi2lfd one tablet-one mobile-one clearfix\" data-desktop-col=\"one\" data-tablet-col=\"tablet-one\" data-mobile-col=\"mobile-one\">\n<div class=\"mcb-wrap-inner mcb-wrap-inner-avsi2lfd\">\n<div class=\"mcb-wrap-background-overlay\"><\/div>\n<div class=\"column mcb-column mcb-item-1nw11g15o one-second tablet-one-second mobile-one column_column\">\n<div class=\"mcb-column-inner mcb-column-inner-1nw11g15o mcb-item-column-inner\">\n<div class=\"column_attr mfn-inline-editor clearfix\">\n<p><strong>Classe d\u2019utilit\u00e9<\/strong><\/p>\n<p>La classe 23\/23 signifie que nos panneaux en vinyle sont parfaits pour n\u2019importe quelle pi\u00e8ce d\u2019habitation et de commerce d\u2019une grande intensit\u00e9 de circulation.<\/p>\n<\/div>\n<\/div>\n<\/div>\n<div class=\"column mcb-column mcb-item-t8v3t9b0v one-second tablet-one-second mobile-one column_image mte-product-icon-center\">\n<div class=\"mcb-column-inner mcb-column-inner-t8v3t9b0v mcb-item-image-inner\">\n<div class=\"image_frame element_classes image_item no_link scale-with-grid alignnone no_border\">\n<div class=\"image_wrapper\"><img loading=\"lazy\" decoding=\"async\" class=\"scale-with-grid\" src=\"https:\/\/podlogiznatury.eu\/wp-content\/uploads\/2023\/09\/ico_rest.png\" sizes=\"auto, (max-width:767px) 232px, 232px\" srcset=\"https:\/\/podlogiznatury.eu\/wp-content\/uploads\/2023\/09\/ico_rest.png 232w, https:\/\/podlogiznatury.eu\/wp-content\/uploads\/2023\/09\/ico_rest-150x35.png 150w\" alt=\"\" width=\"232\" height=\"54\" \/><\/div>\n<\/div>\n<\/div>\n<\/div>\n<\/div>\n<\/div>\n<div class=\"wrap mcb-wrap mcb-wrap-uhpxacrgd one tablet-one mobile-one clearfix\" data-desktop-col=\"one\" data-tablet-col=\"tablet-one\" data-mobile-col=\"mobile-one\">\n<div class=\"mcb-wrap-inner mcb-wrap-inner-uhpxacrgd\">\n<div class=\"mcb-wrap-background-overlay\"><\/div>\n<div class=\"column mcb-column mcb-item-dxa1z6p4p one-second tablet-one-second mobile-one column_column\">\n<div class=\"mcb-column-inner mcb-column-inner-dxa1z6p4p mcb-item-column-inner\">\n<div class=\"column_attr mfn-inline-editor clearfix\">\n<p><strong>Garantie<\/strong><\/p>\n<p>Couverture de la garantie : usage domestique \u00e0 l\u2019int\u00e9rieur de pi\u00e8ces<br \/>\nDur\u00e9e de la garantie: 20 ans<\/p>\n<p>Couverture de la garantie : usage commercial \u00e0 l\u2019int\u00e9rieur de pi\u00e8ces<br \/>\nDur\u00e9e de la garantie: 10 ans<\/p>\n<\/div>\n<\/div>\n<\/div>\n<div class=\"column mcb-column mcb-item-vzjwed1q5 one-second tablet-one-second mobile-one column_image mte-product-icon-center\">\n<div class=\"mcb-column-inner mcb-column-inner-vzjwed1q5 mcb-item-image-inner\">\n<div class=\"image_frame element_classes image_item no_link scale-with-grid alignnone no_border\">\n<div class=\"image_wrapper\"><img loading=\"lazy\" decoding=\"async\" class=\"scale-with-grid\" src=\"https:\/\/podlogiznatury.eu\/wp-content\/uploads\/2023\/09\/20-2_140.png\" sizes=\"auto, (max-width:767px) 140px, 140px\" srcset=\"https:\/\/podlogiznatury.eu\/wp-content\/uploads\/2023\/09\/20-2_140.png 140w, https:\/\/podlogiznatury.eu\/wp-content\/uploads\/2023\/09\/20-2_140-75x75.png 75w\" alt=\"\" width=\"140\" height=\"140\" \/><\/div>\n<\/div>\n<\/div>\n<\/div>\n<\/div>\n<\/div>\n<\/div>\n<\/div>\n<div class=\"section mcb-section mfn-default-section mcb-section-y98tt8v8n pzn-product-icons default-width\">\n<div class=\"mcb-background-overlay\"><\/div>\n<div class=\"section_wrapper mcb-section-inner mcb-section-inner-y98tt8v8n\">\n<div class=\"wrap mcb-wrap mcb-wrap-jnt0jjr04 one-fourth tablet-one-fourth mobile-one clearfix\" data-desktop-col=\"one-fourth\" data-tablet-col=\"tablet-one-fourth\" data-mobile-col=\"mobile-one\">\n<div class=\"mcb-wrap-inner mcb-wrap-inner-jnt0jjr04\">\n<div class=\"mcb-wrap-background-overlay\"><\/div>\n<div class=\"column mcb-column mcb-item-d1kqjb1s one tablet-one mobile-one column_icon_box_2\">\n<div class=\"mcb-column-inner mcb-column-inner-d1kqjb1s mcb-item-icon_box_2-inner\">\n<div class=\"mfn-icon-box mfn-icon-box-top mfn-icon-box-center\">\n<div class=\"icon-wrapper\"><img loading=\"lazy\" decoding=\"async\" class=\"attachment-full size-full\" src=\"https:\/\/podlogiznatury.eu\/wp-content\/uploads\/2023\/09\/ico1.png\" sizes=\"auto, (max-width:767px) 102px, 102px\" srcset=\"https:\/\/podlogiznatury.eu\/wp-content\/uploads\/2023\/09\/ico1.png 102w, https:\/\/podlogiznatury.eu\/wp-content\/uploads\/2023\/09\/ico1-75x75.png 75w\" alt=\"\" width=\"102\" height=\"102\" \/><\/div>\n<div class=\"desc-wrapper\">\n<h6 class=\"title\">Chauffage par le sol<\/h6>\n<\/div>\n<\/div>\n<\/div>\n<\/div>\n<\/div>\n<\/div>\n<div class=\"wrap mcb-wrap mcb-wrap-61aisz8jt one-fourth tablet-one-fourth mobile-one clearfix\" data-desktop-col=\"one-fourth\" data-tablet-col=\"tablet-one-fourth\" data-mobile-col=\"mobile-one\">\n<div class=\"mcb-wrap-inner mcb-wrap-inner-61aisz8jt\">\n<div class=\"mcb-wrap-background-overlay\"><\/div>\n<div class=\"column mcb-column mcb-item-egv1925zk one tablet-one mobile-one column_icon_box_2\">\n<div class=\"mcb-column-inner mcb-column-inner-egv1925zk mcb-item-icon_box_2-inner\">\n<div class=\"mfn-icon-box mfn-icon-box-top mfn-icon-box-center\">\n<div class=\"icon-wrapper\"><img loading=\"lazy\" decoding=\"async\" class=\"attachment-full size-full\" src=\"https:\/\/podlogiznatury.eu\/wp-content\/uploads\/2023\/09\/ico2.png\" sizes=\"auto, (max-width:767px) 102px, 102px\" srcset=\"https:\/\/podlogiznatury.eu\/wp-content\/uploads\/2023\/09\/ico2.png 102w, https:\/\/podlogiznatury.eu\/wp-content\/uploads\/2023\/09\/ico2-75x75.png 75w\" alt=\"\" width=\"102\" height=\"102\" \/><\/div>\n<div class=\"desc-wrapper\">\n<h6 class=\"title\">Ne contient pas de susbstances nocives<\/h6>\n<\/div>\n<\/div>\n<\/div>\n<\/div>\n<\/div>\n<\/div>\n<div class=\"wrap mcb-wrap mcb-wrap-fnp5qf53g one-fourth tablet-one-fourth mobile-one clearfix\" data-desktop-col=\"one-fourth\" data-tablet-col=\"tablet-one-fourth\" data-mobile-col=\"mobile-one\">\n<div class=\"mcb-wrap-inner mcb-wrap-inner-fnp5qf53g\">\n<div class=\"mcb-wrap-background-overlay\"><\/div>\n<div class=\"column mcb-column mcb-item-mgjwnv1c one tablet-one mobile-one column_icon_box_2\">\n<div class=\"mcb-column-inner mcb-column-inner-mgjwnv1c mcb-item-icon_box_2-inner\">\n<div class=\"mfn-icon-box mfn-icon-box-top mfn-icon-box-center\">\n<div class=\"icon-wrapper\"><img loading=\"lazy\" decoding=\"async\" class=\"attachment-full size-full\" src=\"https:\/\/podlogiznatury.eu\/wp-content\/uploads\/2023\/09\/ico3.png\" sizes=\"auto, (max-width:767px) 102px, 102px\" srcset=\"https:\/\/podlogiznatury.eu\/wp-content\/uploads\/2023\/09\/ico3.png 102w, https:\/\/podlogiznatury.eu\/wp-content\/uploads\/2023\/09\/ico3-75x75.png 75w\" alt=\"\" width=\"102\" height=\"102\" \/><\/div>\n<div class=\"desc-wrapper\">\n<h6 class=\"title\">Sol calme et chaud<\/h6>\n<\/div>\n<\/div>\n<\/div>\n<\/div>\n<\/div>\n<\/div>\n<div class=\"wrap mcb-wrap mcb-wrap-mw6g3w0dq one-fourth tablet-one-fourth mobile-one clearfix\" data-desktop-col=\"one-fourth\" data-tablet-col=\"tablet-one-fourth\" data-mobile-col=\"mobile-one\">\n<div class=\"mcb-wrap-inner mcb-wrap-inner-mw6g3w0dq\">\n<div class=\"mcb-wrap-background-overlay\"><\/div>\n<div class=\"column mcb-column mcb-item-35wt84h5y one tablet-one mobile-one column_icon_box_2\">\n<div class=\"mcb-column-inner mcb-column-inner-35wt84h5y mcb-item-icon_box_2-inner\">\n<div class=\"mfn-icon-box mfn-icon-box-top mfn-icon-box-center\">\n<div class=\"icon-wrapper\"><img loading=\"lazy\" decoding=\"async\" class=\"attachment-full size-full\" src=\"https:\/\/podlogiznatury.eu\/wp-content\/uploads\/2023\/09\/ico4.png\" sizes=\"auto, (max-width:767px) 102px, 102px\" srcset=\"https:\/\/podlogiznatury.eu\/wp-content\/uploads\/2023\/09\/ico4.png 102w, https:\/\/podlogiznatury.eu\/wp-content\/uploads\/2023\/09\/ico4-75x75.png 75w\" alt=\"\" width=\"102\" height=\"102\" \/><\/div>\n<div class=\"desc-wrapper\">\n<h6 class=\"title\">100% \u00e9tanche<\/h6>\n<\/div>\n<\/div>\n<\/div>\n<\/div>\n<\/div>\n<\/div>\n<\/div>\n<\/div>\n<div class=\"section mcb-section mfn-default-section mcb-section-8nngbpbn pzn-product-icons default-width\">\n<div class=\"mcb-background-overlay\"><\/div>\n<div class=\"section_wrapper mcb-section-inner mcb-section-inner-8nngbpbn\">\n<div class=\"wrap mcb-wrap mcb-wrap-nqeqbzs5 one-fourth tablet-one-fourth mobile-one clearfix\" data-desktop-col=\"one-fourth\" data-tablet-col=\"tablet-one-fourth\" data-mobile-col=\"mobile-one\">\n<div class=\"mcb-wrap-inner mcb-wrap-inner-nqeqbzs5\">\n<div class=\"mcb-wrap-background-overlay\"><\/div>\n<div class=\"column mcb-column mcb-item-af3drmbb one tablet-one mobile-one column_icon_box_2\">\n<div class=\"mcb-column-inner mcb-column-inner-af3drmbb mcb-item-icon_box_2-inner\">\n<div class=\"mfn-icon-box mfn-icon-box-top mfn-icon-box-center\">\n<div class=\"icon-wrapper\"><img loading=\"lazy\" decoding=\"async\" class=\"attachment-full size-full\" src=\"https:\/\/podlogiznatury.eu\/wp-content\/uploads\/2023\/09\/i1.png\" sizes=\"auto, (max-width:767px) 102px, 102px\" srcset=\"https:\/\/podlogiznatury.eu\/wp-content\/uploads\/2023\/09\/i1.png 102w, https:\/\/podlogiznatury.eu\/wp-content\/uploads\/2023\/09\/i1-75x75.png 75w\" alt=\"\" width=\"102\" height=\"102\" \/><\/div>\n<div class=\"desc-wrapper\">\n<h6 class=\"title\">Assemblage facile<\/h6>\n<\/div>\n<\/div>\n<\/div>\n<\/div>\n<\/div>\n<\/div>\n<div class=\"wrap mcb-wrap mcb-wrap-l7t2v02b one-fourth tablet-one-fourth mobile-one clearfix\" data-desktop-col=\"one-fourth\" data-tablet-col=\"tablet-one-fourth\" data-mobile-col=\"mobile-one\">\n<div class=\"mcb-wrap-inner mcb-wrap-inner-l7t2v02b\">\n<div class=\"mcb-wrap-background-overlay\"><\/div>\n<div class=\"column mcb-column mcb-item-ro11v9sxk one tablet-one mobile-one column_icon_box_2\">\n<div class=\"mcb-column-inner mcb-column-inner-ro11v9sxk mcb-item-icon_box_2-inner\">\n<div class=\"mfn-icon-box mfn-icon-box-top mfn-icon-box-center\">\n<div class=\"icon-wrapper\"><img loading=\"lazy\" decoding=\"async\" class=\"attachment-full size-full\" src=\"https:\/\/podlogiznatury.eu\/wp-content\/uploads\/2023\/09\/i2.png\" sizes=\"auto, (max-width:767px) 102px, 102px\" srcset=\"https:\/\/podlogiznatury.eu\/wp-content\/uploads\/2023\/09\/i2.png 102w, https:\/\/podlogiznatury.eu\/wp-content\/uploads\/2023\/09\/i2-75x75.png 75w\" alt=\"\" width=\"102\" height=\"102\" \/><\/div>\n<div class=\"desc-wrapper\">\n<h6 class=\"title\">Structure du bois<\/h6>\n<\/div>\n<\/div>\n<\/div>\n<\/div>\n<\/div>\n<\/div>\n<div class=\"wrap mcb-wrap mcb-wrap-g8zq9k1n one-fourth tablet-one-fourth mobile-one clearfix\" data-desktop-col=\"one-fourth\" data-tablet-col=\"tablet-one-fourth\" data-mobile-col=\"mobile-one\">\n<div class=\"mcb-wrap-inner mcb-wrap-inner-g8zq9k1n\">\n<div class=\"mcb-wrap-background-overlay\"><\/div>\n<div class=\"column mcb-column mcb-item-91np4c6t9 one tablet-one mobile-one column_icon_box_2\">\n<div class=\"mcb-column-inner mcb-column-inner-91np4c6t9 mcb-item-icon_box_2-inner\">\n<div class=\"mfn-icon-box mfn-icon-box-top mfn-icon-box-center\">\n<div class=\"icon-wrapper\"><img loading=\"lazy\" decoding=\"async\" class=\"attachment-full size-full\" src=\"https:\/\/podlogiznatury.eu\/wp-content\/uploads\/2023\/09\/i3.png\" sizes=\"auto, (max-width:767px) 102px, 102px\" srcset=\"https:\/\/podlogiznatury.eu\/wp-content\/uploads\/2023\/09\/i3.png 102w, https:\/\/podlogiznatury.eu\/wp-content\/uploads\/2023\/09\/i3-75x75.png 75w\" alt=\"\" width=\"102\" height=\"102\" \/><\/div>\n<div class=\"desc-wrapper\">\n<h6 class=\"title\">Fermetures solides<\/h6>\n<\/div>\n<\/div>\n<\/div>\n<\/div>\n<\/div>\n<\/div>\n<div class=\"wrap mcb-wrap mcb-wrap-me0srtsns one-fourth tablet-one-fourth mobile-one clearfix\" data-desktop-col=\"one-fourth\" data-tablet-col=\"tablet-one-fourth\" data-mobile-col=\"mobile-one\">\n<div class=\"mcb-wrap-inner mcb-wrap-inner-me0srtsns\">\n<div class=\"mcb-wrap-background-overlay\"><\/div>\n<div class=\"column mcb-column mcb-item-221wfx33h one tablet-one mobile-one column_icon_box_2\">\n<div class=\"mcb-column-inner mcb-column-inner-221wfx33h mcb-item-icon_box_2-inner\">\n<div class=\"mfn-icon-box mfn-icon-box-top mfn-icon-box-center\">\n<div class=\"icon-wrapper\"><img loading=\"lazy\" decoding=\"async\" class=\"attachment-full size-full\" src=\"https:\/\/podlogiznatury.eu\/wp-content\/uploads\/2023\/09\/i4-4.png\" sizes=\"auto, (max-width:767px) 102px, 102px\" srcset=\"https:\/\/podlogiznatury.eu\/wp-content\/uploads\/2023\/09\/i4-4.png 102w, https:\/\/podlogiznatury.eu\/wp-content\/uploads\/2023\/09\/i4-4-75x75.png 75w\" alt=\"\" width=\"102\" height=\"102\" \/><\/div>\n<div class=\"desc-wrapper\">\n<h6 class=\"title\">Surface antid\u00e9rapante<\/h6>\n<\/div>\n<\/div>\n<\/div>\n<\/div>\n<\/div>\n<\/div>\n<\/div>\n<\/div>\n<\/div>\n","protected":false},"featured_media":335,"template":"","meta":{"footnotes":""},"product_brand":[],"product_cat":[89,33],"product_tag":[],"class_list":{"0":"post-797","1":"product","2":"type-product","3":"status-publish","4":"has-post-thumbnail","6":"product_cat-panneau-classique","7":"product_cat-panneaux-en-vinyle","9":"first","10":"instock","11":"sale","12":"taxable","13":"shipping-taxable","14":"purchasable","15":"product-type-simple"},"yoast_head":"<!-- This site is optimized with the Yoast SEO plugin v24.5 - https:\/\/yoast.com\/wordpress\/plugins\/seo\/ -->\n<title>Calgary - Pod\u0142ogi z natury<\/title>\n<meta name=\"robots\" content=\"index, follow, max-snippet:-1, max-image-preview:large, max-video-preview:-1\" \/>\n<link rel=\"canonical\" href=\"https:\/\/podlogiznatury.eu\/fr\/produkt\/calgary\/\" \/>\n<meta property=\"og:locale\" content=\"fr_FR\" \/>\n<meta property=\"og:type\" content=\"article\" \/>\n<meta property=\"og:title\" content=\"Calgary - Pod\u0142ogi z natury\" \/>\n<meta property=\"og:description\" content=\"Calgary est un design vraiment unique bas\u00e9 sur les vraies couleurs du bois nordique avec des d\u00e9tails de mastic autoris\u00e9s. Tous nos d\u00e9cors sont des sols de premi\u00e8re classe qui se caract\u00e9risent par d&#039;excellentes propri\u00e9t\u00e9s, une longue dur\u00e9e de vie et une installation facile. Gr\u00e2ce \u00e0 la sous-couche int\u00e9gr\u00e9e de 1 mm d&#039;\u00e9paisseur, la pose est rapide et efficace. Vous gagnerez non seulement du temps, mais \u00e9galement de l\u2019argent.            Classe d\u2019utilit\u00e9  La classe 23\/23 signifie que nos panneaux en vinyle sont parfaits pour n\u2019importe quelle pi\u00e8ce d\u2019habitation et de commerce d\u2019une grande intensit\u00e9 de circulation.                     Garantie  Couverture de la garantie : usage domestique \u00e0 l\u2019int\u00e9rieur de pi\u00e8ces Dur\u00e9e de la garantie: 20 ans  Couverture de la garantie : usage commercial \u00e0 l\u2019int\u00e9rieur de pi\u00e8ces Dur\u00e9e de la garantie: 10 ans                           Chauffage par le sol               Ne contient pas de susbstances nocives               Sol calme et chaud               100% \u00e9tanche                    Assemblage facile               Structure du bois               Fermetures solides               Surface antid\u00e9rapante\" \/>\n<meta property=\"og:url\" content=\"https:\/\/podlogiznatury.eu\/fr\/produkt\/calgary\/\" \/>\n<meta property=\"og:site_name\" content=\"Pod\u0142ogi z natury\" \/>\n<meta property=\"article:modified_time\" content=\"2024-09-11T16:25:56+00:00\" \/>\n<meta property=\"og:image\" content=\"https:\/\/podlogiznatury.eu\/wp-content\/uploads\/2023\/09\/p8.jpg\" \/>\n\t<meta property=\"og:image:width\" content=\"794\" \/>\n\t<meta property=\"og:image:height\" content=\"797\" \/>\n\t<meta property=\"og:image:type\" content=\"image\/jpeg\" \/>\n<meta name=\"twitter:card\" content=\"summary_large_image\" \/>\n<meta name=\"twitter:label1\" content=\"Dur\u00e9e de lecture estim\u00e9e\" \/>\n\t<meta name=\"twitter:data1\" content=\"1 minute\" \/>\n<script type=\"application\/ld+json\" class=\"yoast-schema-graph\">{\"@context\":\"https:\/\/schema.org\",\"@graph\":[{\"@type\":\"WebPage\",\"@id\":\"https:\/\/podlogiznatury.eu\/fr\/produkt\/calgary\/\",\"url\":\"https:\/\/podlogiznatury.eu\/fr\/produkt\/calgary\/\",\"name\":\"Calgary - Pod\u0142ogi z natury\",\"isPartOf\":{\"@id\":\"https:\/\/podlogiznatury.eu\/#website\"},\"primaryImageOfPage\":{\"@id\":\"https:\/\/podlogiznatury.eu\/fr\/produkt\/calgary\/#primaryimage\"},\"image\":{\"@id\":\"https:\/\/podlogiznatury.eu\/fr\/produkt\/calgary\/#primaryimage\"},\"thumbnailUrl\":\"https:\/\/podlogiznatury.eu\/wp-content\/uploads\/2023\/09\/p8.jpg\",\"datePublished\":\"2024-02-15T11:20:19+00:00\",\"dateModified\":\"2024-09-11T16:25:56+00:00\",\"breadcrumb\":{\"@id\":\"https:\/\/podlogiznatury.eu\/fr\/produkt\/calgary\/#breadcrumb\"},\"inLanguage\":\"fr-FR\",\"potentialAction\":[{\"@type\":\"ReadAction\",\"target\":[\"https:\/\/podlogiznatury.eu\/fr\/produkt\/calgary\/\"]}]},{\"@type\":\"ImageObject\",\"inLanguage\":\"fr-FR\",\"@id\":\"https:\/\/podlogiznatury.eu\/fr\/produkt\/calgary\/#primaryimage\",\"url\":\"https:\/\/podlogiznatury.eu\/wp-content\/uploads\/2023\/09\/p8.jpg\",\"contentUrl\":\"https:\/\/podlogiznatury.eu\/wp-content\/uploads\/2023\/09\/p8.jpg\",\"width\":794,\"height\":797},{\"@type\":\"BreadcrumbList\",\"@id\":\"https:\/\/podlogiznatury.eu\/fr\/produkt\/calgary\/#breadcrumb\",\"itemListElement\":[{\"@type\":\"ListItem\",\"position\":1,\"name\":\"Strona g\u0142\u00f3wna\",\"item\":\"https:\/\/podlogiznatury.eu\/fr\/\"},{\"@type\":\"ListItem\",\"position\":2,\"name\":\"Sklep\",\"item\":\"https:\/\/podlogiznatury.eu\/sklep\/\"},{\"@type\":\"ListItem\",\"position\":3,\"name\":\"Calgary\"}]},{\"@type\":\"WebSite\",\"@id\":\"https:\/\/podlogiznatury.eu\/#website\",\"url\":\"https:\/\/podlogiznatury.eu\/\",\"name\":\"Pod\u0142ogi z natury\",\"description\":\"\",\"potentialAction\":[{\"@type\":\"SearchAction\",\"target\":{\"@type\":\"EntryPoint\",\"urlTemplate\":\"https:\/\/podlogiznatury.eu\/?s={search_term_string}\"},\"query-input\":{\"@type\":\"PropertyValueSpecification\",\"valueRequired\":true,\"valueName\":\"search_term_string\"}}],\"inLanguage\":\"fr-FR\"}]}<\/script>\n<!-- \/ Yoast SEO plugin. -->","yoast_head_json":{"title":"Calgary - Pod\u0142ogi z natury","robots":{"index":"index","follow":"follow","max-snippet":"max-snippet:-1","max-image-preview":"max-image-preview:large","max-video-preview":"max-video-preview:-1"},"canonical":"https:\/\/podlogiznatury.eu\/fr\/produkt\/calgary\/","og_locale":"fr_FR","og_type":"article","og_title":"Calgary - Pod\u0142ogi z natury","og_description":"Calgary est un design vraiment unique bas\u00e9 sur les vraies couleurs du bois nordique avec des d\u00e9tails de mastic autoris\u00e9s. Tous nos d\u00e9cors sont des sols de premi\u00e8re classe qui se caract\u00e9risent par d'excellentes propri\u00e9t\u00e9s, une longue dur\u00e9e de vie et une installation facile. Gr\u00e2ce \u00e0 la sous-couche int\u00e9gr\u00e9e de 1 mm d'\u00e9paisseur, la pose est rapide et efficace. Vous gagnerez non seulement du temps, mais \u00e9galement de l\u2019argent.            Classe d\u2019utilit\u00e9  La classe 23\/23 signifie que nos panneaux en vinyle sont parfaits pour n\u2019importe quelle pi\u00e8ce d\u2019habitation et de commerce d\u2019une grande intensit\u00e9 de circulation.                     Garantie  Couverture de la garantie : usage domestique \u00e0 l\u2019int\u00e9rieur de pi\u00e8ces Dur\u00e9e de la garantie: 20 ans  Couverture de la garantie : usage commercial \u00e0 l\u2019int\u00e9rieur de pi\u00e8ces Dur\u00e9e de la garantie: 10 ans                           Chauffage par le sol               Ne contient pas de susbstances nocives               Sol calme et chaud               100% \u00e9tanche                    Assemblage facile               Structure du bois               Fermetures solides               Surface antid\u00e9rapante","og_url":"https:\/\/podlogiznatury.eu\/fr\/produkt\/calgary\/","og_site_name":"Pod\u0142ogi z natury","article_modified_time":"2024-09-11T16:25:56+00:00","og_image":[{"width":794,"height":797,"url":"https:\/\/podlogiznatury.eu\/wp-content\/uploads\/2023\/09\/p8.jpg","type":"image\/jpeg"}],"twitter_card":"summary_large_image","twitter_misc":{"Dur\u00e9e de lecture estim\u00e9e":"1 minute"},"schema":{"@context":"https:\/\/schema.org","@graph":[{"@type":"WebPage","@id":"https:\/\/podlogiznatury.eu\/fr\/produkt\/calgary\/","url":"https:\/\/podlogiznatury.eu\/fr\/produkt\/calgary\/","name":"Calgary - Pod\u0142ogi z natury","isPartOf":{"@id":"https:\/\/podlogiznatury.eu\/#website"},"primaryImageOfPage":{"@id":"https:\/\/podlogiznatury.eu\/fr\/produkt\/calgary\/#primaryimage"},"image":{"@id":"https:\/\/podlogiznatury.eu\/fr\/produkt\/calgary\/#primaryimage"},"thumbnailUrl":"https:\/\/podlogiznatury.eu\/wp-content\/uploads\/2023\/09\/p8.jpg","datePublished":"2024-02-15T11:20:19+00:00","dateModified":"2024-09-11T16:25:56+00:00","breadcrumb":{"@id":"https:\/\/podlogiznatury.eu\/fr\/produkt\/calgary\/#breadcrumb"},"inLanguage":"fr-FR","potentialAction":[{"@type":"ReadAction","target":["https:\/\/podlogiznatury.eu\/fr\/produkt\/calgary\/"]}]},{"@type":"ImageObject","inLanguage":"fr-FR","@id":"https:\/\/podlogiznatury.eu\/fr\/produkt\/calgary\/#primaryimage","url":"https:\/\/podlogiznatury.eu\/wp-content\/uploads\/2023\/09\/p8.jpg","contentUrl":"https:\/\/podlogiznatury.eu\/wp-content\/uploads\/2023\/09\/p8.jpg","width":794,"height":797},{"@type":"BreadcrumbList","@id":"https:\/\/podlogiznatury.eu\/fr\/produkt\/calgary\/#breadcrumb","itemListElement":[{"@type":"ListItem","position":1,"name":"Strona g\u0142\u00f3wna","item":"https:\/\/podlogiznatury.eu\/fr\/"},{"@type":"ListItem","position":2,"name":"Sklep","item":"https:\/\/podlogiznatury.eu\/sklep\/"},{"@type":"ListItem","position":3,"name":"Calgary"}]},{"@type":"WebSite","@id":"https:\/\/podlogiznatury.eu\/#website","url":"https:\/\/podlogiznatury.eu\/","name":"Pod\u0142ogi z natury","description":"","potentialAction":[{"@type":"SearchAction","target":{"@type":"EntryPoint","urlTemplate":"https:\/\/podlogiznatury.eu\/?s={search_term_string}"},"query-input":{"@type":"PropertyValueSpecification","valueRequired":true,"valueName":"search_term_string"}}],"inLanguage":"fr-FR"}]}},"_links":{"self":[{"href":"https:\/\/podlogiznatury.eu\/fr\/wp-json\/wp\/v2\/product\/797","targetHints":{"allow":["GET"]}}],"collection":[{"href":"https:\/\/podlogiznatury.eu\/fr\/wp-json\/wp\/v2\/product"}],"about":[{"href":"https:\/\/podlogiznatury.eu\/fr\/wp-json\/wp\/v2\/types\/product"}],"version-history":[{"count":2,"href":"https:\/\/podlogiznatury.eu\/fr\/wp-json\/wp\/v2\/product\/797\/revisions"}],"predecessor-version":[{"id":969,"href":"https:\/\/podlogiznatury.eu\/fr\/wp-json\/wp\/v2\/product\/797\/revisions\/969"}],"wp:featuredmedia":[{"embeddable":true,"href":"https:\/\/podlogiznatury.eu\/fr\/wp-json\/wp\/v2\/media\/335"}],"wp:attachment":[{"href":"https:\/\/podlogiznatury.eu\/fr\/wp-json\/wp\/v2\/media?parent=797"}],"wp:term":[{"taxonomy":"product_brand","embeddable":true,"href":"https:\/\/podlogiznatury.eu\/fr\/wp-json\/wp\/v2\/product_brand?post=797"},{"taxonomy":"product_cat","embeddable":true,"href":"https:\/\/podlogiznatury.eu\/fr\/wp-json\/wp\/v2\/product_cat?post=797"},{"taxonomy":"product_tag","embeddable":true,"href":"https:\/\/podlogiznatury.eu\/fr\/wp-json\/wp\/v2\/product_tag?post=797"}],"curies":[{"name":"wp","href":"https:\/\/api.w.org\/{rel}","templated":true}]}}