{"id":4136,"date":"2025-10-08T13:12:59","date_gmt":"2025-10-08T11:12:59","guid":{"rendered":"https:\/\/podlogiznatury.eu\/?post_type=product&#038;p=4136"},"modified":"2025-10-08T13:15:14","modified_gmt":"2025-10-08T11:15:14","slug":"panneau-vinyle-mini-perou-kopia-2","status":"publish","type":"product","link":"https:\/\/podlogiznatury.eu\/fr\/produkt\/panneau-vinyle-mini-perou-kopia-2\/","title":{"rendered":"Panneau vinyle mini P\u00e9rou (Kopia)"},"content":{"rendered":"","protected":false},"excerpt":{"rendered":"<p><strong>Si vous avez besoin d&rsquo;une livraison express, appelez-nous !<\/strong><\/p>\n<p>Le <strong>d\u00e9cor P\u00e9rou<\/strong> s&rsquo;adresse \u00e0 ceux qui appr\u00e9cient les int\u00e9rieurs modernes et frais. Sa teinte douce se marie parfaitement avec les am\u00e9nagements minimalistes et l&rsquo;esth\u00e9tique scandinave. Les mini panneaux classiques de ce d\u00e9cor ajoutent de l&rsquo;\u00e9l\u00e9gance \u00e0 un espace tout en offrant une surface durable et r\u00e9sistante \u00e0 l&rsquo;humidit\u00e9.<\/p>\n<p>Peru se distingue par un format de panneau plus petit que les solutions standard, ce qui permet un effet visuel plus subtil et un dessin plus pr\u00e9cis du sol. Il est parfait pour le chauffage par le sol, y compris dans la cuisine et la salle de bains, cr\u00e9ant ainsi un espace coh\u00e9rent et moderne au caract\u00e8re unique.<\/p>\n<div class=\"mfn-builder-content mfn-default-content-buider\">\n<div class=\"section mcb-section mfn-default-section mcb-section-zcbr1uypv default-width\">\n<div class=\"mcb-background-overlay\"><\/div>\n<div class=\"section_wrapper mcb-section-inner mcb-section-inner-zcbr1uypv\">\n<div class=\"wrap mcb-wrap mcb-wrap-avsi2lfd one tablet-one mobile-one clearfix\" data-desktop-col=\"one\" data-tablet-col=\"tablet-one\" data-mobile-col=\"mobile-one\">\n<div class=\"mcb-wrap-inner mcb-wrap-inner-avsi2lfd\">\n<div class=\"mcb-wrap-background-overlay\"><\/div>\n<div class=\"column mcb-column mcb-item-1nw11g15o one-second tablet-one-second mobile-one column_column\">\n<div class=\"mcb-column-inner mcb-column-inner-1nw11g15o mcb-item-column-inner\">\n<div class=\"column_attr mfn-inline-editor clearfix\">\n<p><strong>Classe d&rsquo;utilit\u00e9<\/strong><\/p>\n<p>La classe 23\/33 signifie que nos panneaux en vinyle conviennent \u00e0 toutes les zones r\u00e9sidentielles et commerciales \u00e0 fort trafic.<\/p>\n<\/div>\n<\/div>\n<\/div>\n<div class=\"column mcb-column mcb-item-t8v3t9b0v one-second tablet-one-second mobile-one column_image mte-product-icon-center\">\n<div class=\"mcb-column-inner mcb-column-inner-t8v3t9b0v mcb-item-image-inner\">\n<div class=\"image_frame element_classes image_item no_link scale-with-grid alignnone no_border\">\n<div class=\"image_wrapper\"><img loading=\"lazy\" decoding=\"async\" class=\"scale-with-grid\" src=\"https:\/\/podlogiznatury.eu\/wp-content\/uploads\/2023\/09\/ico_rest.png\" sizes=\"auto, (max-width:767px) 232px, 232px\" srcset=\"https:\/\/podlogiznatury.eu\/wp-content\/uploads\/2023\/09\/ico_rest.png 232w, https:\/\/podlogiznatury.eu\/wp-content\/uploads\/2023\/09\/ico_rest-150x35.png 150w\" alt=\"\" width=\"232\" height=\"54\" \/><\/div>\n<\/div>\n<\/div>\n<\/div>\n<\/div>\n<\/div>\n<div class=\"wrap mcb-wrap mcb-wrap-uhpxacrgd one tablet-one mobile-one clearfix\" data-desktop-col=\"one\" data-tablet-col=\"tablet-one\" data-mobile-col=\"mobile-one\">\n<div class=\"mcb-wrap-inner mcb-wrap-inner-uhpxacrgd\">\n<div class=\"mcb-wrap-background-overlay\"><\/div>\n<div class=\"column mcb-column mcb-item-dxa1z6p4p one-second tablet-one-second mobile-one column_column\">\n<div class=\"mcb-column-inner mcb-column-inner-dxa1z6p4p mcb-item-column-inner\">\n<div class=\"column_attr mfn-inline-editor clearfix\">\n<p><strong>Garantie<\/strong><\/p>\n<p>\u00c9tendue de la garantie : utilisation domestique en int\u00e9rieur<br \/>\nP\u00e9riode de garantie : jusqu&rsquo;\u00e0 20 ans<\/p>\n<p>\u00c9tendue de la garantie : Utilisation commerciale en int\u00e9rieur<br \/>\nP\u00e9riode de garantie : jusqu&rsquo;\u00e0 15 ans<\/p>\n<p><a class=\"pzn-undeline\" href=\"https:\/\/podlogiznatury.eu\/wp-content\/uploads\/2023\/09\/Gwarancja-panele-winylowe-z-kolekcji-Natural-Floors.pdf\" target=\"_blank\" rel=\"noopener\">D\u00e9tails de la garantie<\/a><\/p>\n<\/div>\n<\/div>\n<\/div>\n<div class=\"column mcb-column mcb-item-vzjwed1q5 one-second tablet-one-second mobile-one column_image mte-product-icon-center\">\n<div class=\"mcb-column-inner mcb-column-inner-vzjwed1q5 mcb-item-image-inner\">\n<div class=\"image_frame element_classes image_item no_link scale-with-grid alignnone no_border\">\n<div class=\"image_wrapper\"><img loading=\"lazy\" decoding=\"async\" class=\"scale-with-grid\" src=\"https:\/\/podlogiznatury.eu\/wp-content\/uploads\/2023\/09\/20-2_140.png\" sizes=\"auto, (max-width:767px) 140px, 140px\" srcset=\"https:\/\/podlogiznatury.eu\/wp-content\/uploads\/2023\/09\/20-2_140.png 140w, https:\/\/podlogiznatury.eu\/wp-content\/uploads\/2023\/09\/20-2_140-75x75.png 75w\" alt=\"\" width=\"140\" height=\"140\" \/><\/div>\n<\/div>\n<\/div>\n<\/div>\n<\/div>\n<\/div>\n<\/div>\n<\/div>\n<div class=\"section mcb-section mfn-default-section mcb-section-y98tt8v8n pzn-product-icons default-width\">\n<div class=\"mcb-background-overlay\"><\/div>\n<div class=\"section_wrapper mcb-section-inner mcb-section-inner-y98tt8v8n\">\n<div class=\"wrap mcb-wrap mcb-wrap-jnt0jjr04 one-fourth tablet-one-fourth mobile-one clearfix\" data-desktop-col=\"one-fourth\" data-tablet-col=\"tablet-one-fourth\" data-mobile-col=\"mobile-one\">\n<div class=\"mcb-wrap-inner mcb-wrap-inner-jnt0jjr04\">\n<div class=\"mcb-wrap-background-overlay\"><\/div>\n<div class=\"column mcb-column mcb-item-d1kqjb1s one tablet-one mobile-one column_icon_box_2\">\n<div class=\"mcb-column-inner mcb-column-inner-d1kqjb1s mcb-item-icon_box_2-inner\">\n<div class=\"mfn-icon-box mfn-icon-box-top mfn-icon-box-center\">\n<div class=\"icon-wrapper\"><img loading=\"lazy\" decoding=\"async\" class=\"attachment-full size-full\" src=\"https:\/\/podlogiznatury.eu\/wp-content\/uploads\/2023\/09\/ico1.png\" sizes=\"auto, (max-width:767px) 102px, 102px\" srcset=\"https:\/\/podlogiznatury.eu\/wp-content\/uploads\/2023\/09\/ico1.png 102w, https:\/\/podlogiznatury.eu\/wp-content\/uploads\/2023\/09\/ico1-75x75.png 75w\" alt=\"\" width=\"102\" height=\"102\" \/><\/div>\n<div class=\"desc-wrapper\">\n<h6 class=\"title\">Chauffage par le sol<\/h6>\n<\/div>\n<\/div>\n<\/div>\n<\/div>\n<\/div>\n<\/div>\n<div class=\"wrap mcb-wrap mcb-wrap-61aisz8jt one-fourth tablet-one-fourth mobile-one clearfix\" data-desktop-col=\"one-fourth\" data-tablet-col=\"tablet-one-fourth\" data-mobile-col=\"mobile-one\">\n<div class=\"mcb-wrap-inner mcb-wrap-inner-61aisz8jt\">\n<div class=\"mcb-wrap-background-overlay\"><\/div>\n<div class=\"column mcb-column mcb-item-egv1925zk one tablet-one mobile-one column_icon_box_2\">\n<div class=\"mcb-column-inner mcb-column-inner-egv1925zk mcb-item-icon_box_2-inner\">\n<div class=\"mfn-icon-box mfn-icon-box-top mfn-icon-box-center\">\n<div class=\"icon-wrapper\"><img loading=\"lazy\" decoding=\"async\" class=\"attachment-full size-full\" src=\"https:\/\/podlogiznatury.eu\/wp-content\/uploads\/2023\/09\/ico2.png\" sizes=\"auto, (max-width:767px) 102px, 102px\" srcset=\"https:\/\/podlogiznatury.eu\/wp-content\/uploads\/2023\/09\/ico2.png 102w, https:\/\/podlogiznatury.eu\/wp-content\/uploads\/2023\/09\/ico2-75x75.png 75w\" alt=\"\" width=\"102\" height=\"102\" \/><\/div>\n<div class=\"desc-wrapper\">\n<h6 class=\"title\">Ne contient pas de substances nocives<\/h6>\n<\/div>\n<\/div>\n<\/div>\n<\/div>\n<\/div>\n<\/div>\n<div class=\"wrap mcb-wrap mcb-wrap-fnp5qf53g one-fourth tablet-one-fourth mobile-one clearfix\" data-desktop-col=\"one-fourth\" data-tablet-col=\"tablet-one-fourth\" data-mobile-col=\"mobile-one\">\n<div class=\"mcb-wrap-inner mcb-wrap-inner-fnp5qf53g\">\n<div class=\"mcb-wrap-background-overlay\"><\/div>\n<div class=\"column mcb-column mcb-item-mgjwnv1c one tablet-one mobile-one column_icon_box_2\">\n<div class=\"mcb-column-inner mcb-column-inner-mgjwnv1c mcb-item-icon_box_2-inner\">\n<div class=\"mfn-icon-box mfn-icon-box-top mfn-icon-box-center\">\n<div class=\"icon-wrapper\"><img loading=\"lazy\" decoding=\"async\" class=\"attachment-full size-full\" src=\"https:\/\/podlogiznatury.eu\/wp-content\/uploads\/2023\/09\/ico3.png\" sizes=\"auto, (max-width:767px) 102px, 102px\" srcset=\"https:\/\/podlogiznatury.eu\/wp-content\/uploads\/2023\/09\/ico3.png 102w, https:\/\/podlogiznatury.eu\/wp-content\/uploads\/2023\/09\/ico3-75x75.png 75w\" alt=\"\" width=\"102\" height=\"102\" \/><\/div>\n<div class=\"desc-wrapper\">\n<h6 class=\"title\">Plancher silencieux et chaud<\/h6>\n<\/div>\n<\/div>\n<\/div>\n<\/div>\n<\/div>\n<\/div>\n<div class=\"wrap mcb-wrap mcb-wrap-mw6g3w0dq one-fourth tablet-one-fourth mobile-one clearfix\" data-desktop-col=\"one-fourth\" data-tablet-col=\"tablet-one-fourth\" data-mobile-col=\"mobile-one\">\n<div class=\"mcb-wrap-inner mcb-wrap-inner-mw6g3w0dq\">\n<div class=\"mcb-wrap-background-overlay\"><\/div>\n<div class=\"column mcb-column mcb-item-35wt84h5y one tablet-one mobile-one column_icon_box_2\">\n<div class=\"mcb-column-inner mcb-column-inner-35wt84h5y mcb-item-icon_box_2-inner\">\n<div class=\"mfn-icon-box mfn-icon-box-top mfn-icon-box-center\">\n<div class=\"icon-wrapper\"><img loading=\"lazy\" decoding=\"async\" class=\"attachment-full size-full\" src=\"https:\/\/podlogiznatury.eu\/wp-content\/uploads\/2023\/09\/ico4.png\" sizes=\"auto, (max-width:767px) 102px, 102px\" srcset=\"https:\/\/podlogiznatury.eu\/wp-content\/uploads\/2023\/09\/ico4.png 102w, https:\/\/podlogiznatury.eu\/wp-content\/uploads\/2023\/09\/ico4-75x75.png 75w\" alt=\"\" width=\"102\" height=\"102\" \/><\/div>\n<div class=\"desc-wrapper\">\n<h6 class=\"title\">100% imperm\u00e9able<\/h6>\n<\/div>\n<\/div>\n<\/div>\n<\/div>\n<\/div>\n<\/div>\n<\/div>\n<\/div>\n<div class=\"section mcb-section mfn-default-section mcb-section-8nngbpbn pzn-product-icons default-width\">\n<div class=\"mcb-background-overlay\"><\/div>\n<div class=\"section_wrapper mcb-section-inner mcb-section-inner-8nngbpbn\">\n<div class=\"wrap mcb-wrap mcb-wrap-nqeqbzs5 one-fourth tablet-one-fourth mobile-one clearfix\" data-desktop-col=\"one-fourth\" data-tablet-col=\"tablet-one-fourth\" data-mobile-col=\"mobile-one\">\n<div class=\"mcb-wrap-inner mcb-wrap-inner-nqeqbzs5\">\n<div class=\"mcb-wrap-background-overlay\"><\/div>\n<div class=\"column mcb-column mcb-item-af3drmbb one tablet-one mobile-one column_icon_box_2\">\n<div class=\"mcb-column-inner mcb-column-inner-af3drmbb mcb-item-icon_box_2-inner\">\n<div class=\"mfn-icon-box mfn-icon-box-top mfn-icon-box-center\">\n<div class=\"icon-wrapper\"><img loading=\"lazy\" decoding=\"async\" class=\"attachment-full size-full\" src=\"https:\/\/podlogiznatury.eu\/wp-content\/uploads\/2023\/09\/i1.png\" sizes=\"auto, (max-width:767px) 102px, 102px\" srcset=\"https:\/\/podlogiznatury.eu\/wp-content\/uploads\/2023\/09\/i1.png 102w, https:\/\/podlogiznatury.eu\/wp-content\/uploads\/2023\/09\/i1-75x75.png 75w\" alt=\"\" width=\"102\" height=\"102\" \/><\/div>\n<div class=\"desc-wrapper\">\n<h6 class=\"title\">Installation facile<\/h6>\n<\/div>\n<\/div>\n<\/div>\n<\/div>\n<\/div>\n<\/div>\n<div class=\"wrap mcb-wrap mcb-wrap-l7t2v02b one-fourth tablet-one-fourth mobile-one clearfix\" data-desktop-col=\"one-fourth\" data-tablet-col=\"tablet-one-fourth\" data-mobile-col=\"mobile-one\">\n<div class=\"mcb-wrap-inner mcb-wrap-inner-l7t2v02b\">\n<div class=\"mcb-wrap-background-overlay\"><\/div>\n<div class=\"column mcb-column mcb-item-ro11v9sxk one tablet-one mobile-one column_icon_box_2\">\n<div class=\"mcb-column-inner mcb-column-inner-ro11v9sxk mcb-item-icon_box_2-inner\">\n<div class=\"mfn-icon-box mfn-icon-box-top mfn-icon-box-center\">\n<div class=\"icon-wrapper\"><img loading=\"lazy\" decoding=\"async\" class=\"attachment-full size-full\" src=\"https:\/\/podlogiznatury.eu\/wp-content\/uploads\/2023\/09\/i2.png\" sizes=\"auto, (max-width:767px) 102px, 102px\" srcset=\"https:\/\/podlogiznatury.eu\/wp-content\/uploads\/2023\/09\/i2.png 102w, https:\/\/podlogiznatury.eu\/wp-content\/uploads\/2023\/09\/i2-75x75.png 75w\" alt=\"\" width=\"102\" height=\"102\" \/><\/div>\n<div class=\"desc-wrapper\">\n<h6 class=\"title\">Structure en bois<\/h6>\n<\/div>\n<\/div>\n<\/div>\n<\/div>\n<\/div>\n<\/div>\n<div class=\"wrap mcb-wrap mcb-wrap-g8zq9k1n one-fourth tablet-one-fourth mobile-one clearfix\" data-desktop-col=\"one-fourth\" data-tablet-col=\"tablet-one-fourth\" data-mobile-col=\"mobile-one\">\n<div class=\"mcb-wrap-inner mcb-wrap-inner-g8zq9k1n\">\n<div class=\"mcb-wrap-background-overlay\"><\/div>\n<div class=\"column mcb-column mcb-item-91np4c6t9 one tablet-one mobile-one column_icon_box_2\">\n<div class=\"mcb-column-inner mcb-column-inner-91np4c6t9 mcb-item-icon_box_2-inner\">\n<div class=\"mfn-icon-box mfn-icon-box-top mfn-icon-box-center\">\n<div class=\"icon-wrapper\"><img loading=\"lazy\" decoding=\"async\" class=\"attachment-full size-full\" src=\"https:\/\/podlogiznatury.eu\/wp-content\/uploads\/2023\/09\/i3.png\" sizes=\"auto, (max-width:767px) 102px, 102px\" srcset=\"https:\/\/podlogiznatury.eu\/wp-content\/uploads\/2023\/09\/i3.png 102w, https:\/\/podlogiznatury.eu\/wp-content\/uploads\/2023\/09\/i3-75x75.png 75w\" alt=\"\" width=\"102\" height=\"102\" \/><\/div>\n<div class=\"desc-wrapper\">\n<h6 class=\"title\">Serrures solides<\/h6>\n<\/div>\n<\/div>\n<\/div>\n<\/div>\n<\/div>\n<\/div>\n<div class=\"wrap mcb-wrap mcb-wrap-me0srtsns one-fourth tablet-one-fourth mobile-one clearfix\" data-desktop-col=\"one-fourth\" data-tablet-col=\"tablet-one-fourth\" data-mobile-col=\"mobile-one\">\n<div class=\"mcb-wrap-inner mcb-wrap-inner-me0srtsns\">\n<div class=\"mcb-wrap-background-overlay\"><\/div>\n<div class=\"column mcb-column mcb-item-221wfx33h one tablet-one mobile-one column_icon_box_2\">\n<div class=\"mcb-column-inner mcb-column-inner-221wfx33h mcb-item-icon_box_2-inner\">\n<div class=\"mfn-icon-box mfn-icon-box-top mfn-icon-box-center\">\n<div class=\"icon-wrapper\"><img loading=\"lazy\" decoding=\"async\" class=\"attachment-full size-full\" src=\"https:\/\/podlogiznatury.eu\/wp-content\/uploads\/2023\/09\/i4-4.png\" sizes=\"auto, (max-width:767px) 102px, 102px\" srcset=\"https:\/\/podlogiznatury.eu\/wp-content\/uploads\/2023\/09\/i4-4.png 102w, https:\/\/podlogiznatury.eu\/wp-content\/uploads\/2023\/09\/i4-4-75x75.png 75w\" alt=\"\" width=\"102\" height=\"102\" \/><\/div>\n<div class=\"desc-wrapper\">\n<h6 class=\"title\">Surface antid\u00e9rapante<\/h6>\n<\/div>\n<\/div>\n<\/div>\n<\/div>\n<\/div>\n<\/div>\n<\/div>\n<\/div>\n<\/div>\n","protected":false},"featured_media":4140,"template":"","meta":{"footnotes":""},"product_brand":[],"product_cat":[90,33],"product_tag":[],"class_list":{"0":"post-4136","1":"product","2":"type-product","3":"status-publish","4":"has-post-thumbnail","6":"product_cat-mini-panneau-classique","7":"product_cat-panneaux-en-vinyle","9":"first","10":"instock","11":"sale","12":"taxable","13":"shipping-taxable","14":"purchasable","15":"product-type-simple"},"yoast_head":"<!-- This site is optimized with the Yoast SEO plugin v24.5 - https:\/\/yoast.com\/wordpress\/plugins\/seo\/ -->\n<title>Panneau vinyle mini P\u00e9rou (Kopia) - Pod\u0142ogi z natury<\/title>\n<meta name=\"robots\" content=\"index, follow, max-snippet:-1, max-image-preview:large, max-video-preview:-1\" \/>\n<link rel=\"canonical\" href=\"https:\/\/podlogiznatury.eu\/fr\/produkt\/panneau-vinyle-mini-perou-kopia-2\/\" \/>\n<meta property=\"og:locale\" content=\"fr_FR\" \/>\n<meta property=\"og:type\" content=\"article\" \/>\n<meta property=\"og:title\" content=\"Panneau vinyle mini P\u00e9rou (Kopia) - Pod\u0142ogi z natury\" \/>\n<meta property=\"og:description\" content=\"Si vous avez besoin d&#039;une livraison express, appelez-nous !  Le d\u00e9cor P\u00e9rou s&#039;adresse \u00e0 ceux qui appr\u00e9cient les int\u00e9rieurs modernes et frais. Sa teinte douce se marie parfaitement avec les am\u00e9nagements minimalistes et l&#039;esth\u00e9tique scandinave. Les mini panneaux classiques de ce d\u00e9cor ajoutent de l&#039;\u00e9l\u00e9gance \u00e0 un espace tout en offrant une surface durable et r\u00e9sistante \u00e0 l&#039;humidit\u00e9.  Peru se distingue par un format de panneau plus petit que les solutions standard, ce qui permet un effet visuel plus subtil et un dessin plus pr\u00e9cis du sol. Il est parfait pour le chauffage par le sol, y compris dans la cuisine et la salle de bains, cr\u00e9ant ainsi un espace coh\u00e9rent et moderne au caract\u00e8re unique.            Classe d&#039;utilit\u00e9  La classe 23\/33 signifie que nos panneaux en vinyle conviennent \u00e0 toutes les zones r\u00e9sidentielles et commerciales \u00e0 fort trafic.                     Garantie  \u00c9tendue de la garantie : utilisation domestique en int\u00e9rieur P\u00e9riode de garantie : jusqu&#039;\u00e0 20 ans  \u00c9tendue de la garantie : Utilisation commerciale en int\u00e9rieur P\u00e9riode de garantie : jusqu&#039;\u00e0 15 ans  D\u00e9tails de la garantie                           Chauffage par le sol               Ne contient pas de substances nocives               Plancher silencieux et chaud               100% imperm\u00e9able                    Installation facile               Structure en bois               Serrures solides               Surface antid\u00e9rapante\" \/>\n<meta property=\"og:url\" content=\"https:\/\/podlogiznatury.eu\/fr\/produkt\/panneau-vinyle-mini-perou-kopia-2\/\" \/>\n<meta property=\"og:site_name\" content=\"Pod\u0142ogi z natury\" \/>\n<meta property=\"article:modified_time\" content=\"2025-10-08T11:15:14+00:00\" \/>\n<meta property=\"og:image\" content=\"https:\/\/podlogiznatury.eu\/wp-content\/uploads\/2025\/10\/Sand-Maple_P0172_film-normal-plank-scaled.jpg\" \/>\n\t<meta property=\"og:image:width\" content=\"1983\" \/>\n\t<meta property=\"og:image:height\" content=\"2560\" \/>\n\t<meta property=\"og:image:type\" content=\"image\/jpeg\" \/>\n<meta name=\"twitter:card\" content=\"summary_large_image\" \/>\n<meta name=\"twitter:label1\" content=\"Dur\u00e9e de lecture estim\u00e9e\" \/>\n\t<meta name=\"twitter:data1\" content=\"1 minute\" \/>\n<script type=\"application\/ld+json\" class=\"yoast-schema-graph\">{\"@context\":\"https:\/\/schema.org\",\"@graph\":[{\"@type\":\"WebPage\",\"@id\":\"https:\/\/podlogiznatury.eu\/fr\/produkt\/panneau-vinyle-mini-perou-kopia-2\/\",\"url\":\"https:\/\/podlogiznatury.eu\/fr\/produkt\/panneau-vinyle-mini-perou-kopia-2\/\",\"name\":\"Panneau vinyle mini P\u00e9rou (Kopia) - Pod\u0142ogi z natury\",\"isPartOf\":{\"@id\":\"https:\/\/podlogiznatury.eu\/#website\"},\"primaryImageOfPage\":{\"@id\":\"https:\/\/podlogiznatury.eu\/fr\/produkt\/panneau-vinyle-mini-perou-kopia-2\/#primaryimage\"},\"image\":{\"@id\":\"https:\/\/podlogiznatury.eu\/fr\/produkt\/panneau-vinyle-mini-perou-kopia-2\/#primaryimage\"},\"thumbnailUrl\":\"https:\/\/podlogiznatury.eu\/wp-content\/uploads\/2025\/10\/Sand-Maple_P0172_film-normal-plank-scaled.jpg\",\"datePublished\":\"2025-10-08T11:12:59+00:00\",\"dateModified\":\"2025-10-08T11:15:14+00:00\",\"breadcrumb\":{\"@id\":\"https:\/\/podlogiznatury.eu\/fr\/produkt\/panneau-vinyle-mini-perou-kopia-2\/#breadcrumb\"},\"inLanguage\":\"fr-FR\",\"potentialAction\":[{\"@type\":\"ReadAction\",\"target\":[\"https:\/\/podlogiznatury.eu\/fr\/produkt\/panneau-vinyle-mini-perou-kopia-2\/\"]}]},{\"@type\":\"ImageObject\",\"inLanguage\":\"fr-FR\",\"@id\":\"https:\/\/podlogiznatury.eu\/fr\/produkt\/panneau-vinyle-mini-perou-kopia-2\/#primaryimage\",\"url\":\"https:\/\/podlogiznatury.eu\/wp-content\/uploads\/2025\/10\/Sand-Maple_P0172_film-normal-plank-scaled.jpg\",\"contentUrl\":\"https:\/\/podlogiznatury.eu\/wp-content\/uploads\/2025\/10\/Sand-Maple_P0172_film-normal-plank-scaled.jpg\",\"width\":1983,\"height\":2560},{\"@type\":\"BreadcrumbList\",\"@id\":\"https:\/\/podlogiznatury.eu\/fr\/produkt\/panneau-vinyle-mini-perou-kopia-2\/#breadcrumb\",\"itemListElement\":[{\"@type\":\"ListItem\",\"position\":1,\"name\":\"Strona g\u0142\u00f3wna\",\"item\":\"https:\/\/podlogiznatury.eu\/fr\/\"},{\"@type\":\"ListItem\",\"position\":2,\"name\":\"Sklep\",\"item\":\"https:\/\/podlogiznatury.eu\/sklep\/\"},{\"@type\":\"ListItem\",\"position\":3,\"name\":\"Panneau vinyle mini P\u00e9rou (Kopia)\"}]},{\"@type\":\"WebSite\",\"@id\":\"https:\/\/podlogiznatury.eu\/#website\",\"url\":\"https:\/\/podlogiznatury.eu\/\",\"name\":\"Pod\u0142ogi z natury\",\"description\":\"\",\"potentialAction\":[{\"@type\":\"SearchAction\",\"target\":{\"@type\":\"EntryPoint\",\"urlTemplate\":\"https:\/\/podlogiznatury.eu\/?s={search_term_string}\"},\"query-input\":{\"@type\":\"PropertyValueSpecification\",\"valueRequired\":true,\"valueName\":\"search_term_string\"}}],\"inLanguage\":\"fr-FR\"}]}<\/script>\n<!-- \/ Yoast SEO plugin. -->","yoast_head_json":{"title":"Panneau vinyle mini P\u00e9rou (Kopia) - Pod\u0142ogi z natury","robots":{"index":"index","follow":"follow","max-snippet":"max-snippet:-1","max-image-preview":"max-image-preview:large","max-video-preview":"max-video-preview:-1"},"canonical":"https:\/\/podlogiznatury.eu\/fr\/produkt\/panneau-vinyle-mini-perou-kopia-2\/","og_locale":"fr_FR","og_type":"article","og_title":"Panneau vinyle mini P\u00e9rou (Kopia) - Pod\u0142ogi z natury","og_description":"Si vous avez besoin d'une livraison express, appelez-nous !  Le d\u00e9cor P\u00e9rou s'adresse \u00e0 ceux qui appr\u00e9cient les int\u00e9rieurs modernes et frais. Sa teinte douce se marie parfaitement avec les am\u00e9nagements minimalistes et l'esth\u00e9tique scandinave. Les mini panneaux classiques de ce d\u00e9cor ajoutent de l'\u00e9l\u00e9gance \u00e0 un espace tout en offrant une surface durable et r\u00e9sistante \u00e0 l'humidit\u00e9.  Peru se distingue par un format de panneau plus petit que les solutions standard, ce qui permet un effet visuel plus subtil et un dessin plus pr\u00e9cis du sol. Il est parfait pour le chauffage par le sol, y compris dans la cuisine et la salle de bains, cr\u00e9ant ainsi un espace coh\u00e9rent et moderne au caract\u00e8re unique.            Classe d'utilit\u00e9  La classe 23\/33 signifie que nos panneaux en vinyle conviennent \u00e0 toutes les zones r\u00e9sidentielles et commerciales \u00e0 fort trafic.                     Garantie  \u00c9tendue de la garantie : utilisation domestique en int\u00e9rieur P\u00e9riode de garantie : jusqu'\u00e0 20 ans  \u00c9tendue de la garantie : Utilisation commerciale en int\u00e9rieur P\u00e9riode de garantie : jusqu'\u00e0 15 ans  D\u00e9tails de la garantie                           Chauffage par le sol               Ne contient pas de substances nocives               Plancher silencieux et chaud               100% imperm\u00e9able                    Installation facile               Structure en bois               Serrures solides               Surface antid\u00e9rapante","og_url":"https:\/\/podlogiznatury.eu\/fr\/produkt\/panneau-vinyle-mini-perou-kopia-2\/","og_site_name":"Pod\u0142ogi z natury","article_modified_time":"2025-10-08T11:15:14+00:00","og_image":[{"width":1983,"height":2560,"url":"https:\/\/podlogiznatury.eu\/wp-content\/uploads\/2025\/10\/Sand-Maple_P0172_film-normal-plank-scaled.jpg","type":"image\/jpeg"}],"twitter_card":"summary_large_image","twitter_misc":{"Dur\u00e9e de lecture estim\u00e9e":"1 minute"},"schema":{"@context":"https:\/\/schema.org","@graph":[{"@type":"WebPage","@id":"https:\/\/podlogiznatury.eu\/fr\/produkt\/panneau-vinyle-mini-perou-kopia-2\/","url":"https:\/\/podlogiznatury.eu\/fr\/produkt\/panneau-vinyle-mini-perou-kopia-2\/","name":"Panneau vinyle mini P\u00e9rou (Kopia) - Pod\u0142ogi z natury","isPartOf":{"@id":"https:\/\/podlogiznatury.eu\/#website"},"primaryImageOfPage":{"@id":"https:\/\/podlogiznatury.eu\/fr\/produkt\/panneau-vinyle-mini-perou-kopia-2\/#primaryimage"},"image":{"@id":"https:\/\/podlogiznatury.eu\/fr\/produkt\/panneau-vinyle-mini-perou-kopia-2\/#primaryimage"},"thumbnailUrl":"https:\/\/podlogiznatury.eu\/wp-content\/uploads\/2025\/10\/Sand-Maple_P0172_film-normal-plank-scaled.jpg","datePublished":"2025-10-08T11:12:59+00:00","dateModified":"2025-10-08T11:15:14+00:00","breadcrumb":{"@id":"https:\/\/podlogiznatury.eu\/fr\/produkt\/panneau-vinyle-mini-perou-kopia-2\/#breadcrumb"},"inLanguage":"fr-FR","potentialAction":[{"@type":"ReadAction","target":["https:\/\/podlogiznatury.eu\/fr\/produkt\/panneau-vinyle-mini-perou-kopia-2\/"]}]},{"@type":"ImageObject","inLanguage":"fr-FR","@id":"https:\/\/podlogiznatury.eu\/fr\/produkt\/panneau-vinyle-mini-perou-kopia-2\/#primaryimage","url":"https:\/\/podlogiznatury.eu\/wp-content\/uploads\/2025\/10\/Sand-Maple_P0172_film-normal-plank-scaled.jpg","contentUrl":"https:\/\/podlogiznatury.eu\/wp-content\/uploads\/2025\/10\/Sand-Maple_P0172_film-normal-plank-scaled.jpg","width":1983,"height":2560},{"@type":"BreadcrumbList","@id":"https:\/\/podlogiznatury.eu\/fr\/produkt\/panneau-vinyle-mini-perou-kopia-2\/#breadcrumb","itemListElement":[{"@type":"ListItem","position":1,"name":"Strona g\u0142\u00f3wna","item":"https:\/\/podlogiznatury.eu\/fr\/"},{"@type":"ListItem","position":2,"name":"Sklep","item":"https:\/\/podlogiznatury.eu\/sklep\/"},{"@type":"ListItem","position":3,"name":"Panneau vinyle mini P\u00e9rou (Kopia)"}]},{"@type":"WebSite","@id":"https:\/\/podlogiznatury.eu\/#website","url":"https:\/\/podlogiznatury.eu\/","name":"Pod\u0142ogi z natury","description":"","potentialAction":[{"@type":"SearchAction","target":{"@type":"EntryPoint","urlTemplate":"https:\/\/podlogiznatury.eu\/?s={search_term_string}"},"query-input":{"@type":"PropertyValueSpecification","valueRequired":true,"valueName":"search_term_string"}}],"inLanguage":"fr-FR"}]}},"_links":{"self":[{"href":"https:\/\/podlogiznatury.eu\/fr\/wp-json\/wp\/v2\/product\/4136","targetHints":{"allow":["GET"]}}],"collection":[{"href":"https:\/\/podlogiznatury.eu\/fr\/wp-json\/wp\/v2\/product"}],"about":[{"href":"https:\/\/podlogiznatury.eu\/fr\/wp-json\/wp\/v2\/types\/product"}],"version-history":[{"count":1,"href":"https:\/\/podlogiznatury.eu\/fr\/wp-json\/wp\/v2\/product\/4136\/revisions"}],"predecessor-version":[{"id":4145,"href":"https:\/\/podlogiznatury.eu\/fr\/wp-json\/wp\/v2\/product\/4136\/revisions\/4145"}],"wp:featuredmedia":[{"embeddable":true,"href":"https:\/\/podlogiznatury.eu\/fr\/wp-json\/wp\/v2\/media\/4140"}],"wp:attachment":[{"href":"https:\/\/podlogiznatury.eu\/fr\/wp-json\/wp\/v2\/media?parent=4136"}],"wp:term":[{"taxonomy":"product_brand","embeddable":true,"href":"https:\/\/podlogiznatury.eu\/fr\/wp-json\/wp\/v2\/product_brand?post=4136"},{"taxonomy":"product_cat","embeddable":true,"href":"https:\/\/podlogiznatury.eu\/fr\/wp-json\/wp\/v2\/product_cat?post=4136"},{"taxonomy":"product_tag","embeddable":true,"href":"https:\/\/podlogiznatury.eu\/fr\/wp-json\/wp\/v2\/product_tag?post=4136"}],"curies":[{"name":"wp","href":"https:\/\/api.w.org\/{rel}","templated":true}]}}