{"id":4052,"date":"2025-09-26T12:16:58","date_gmt":"2025-09-26T10:16:58","guid":{"rendered":"https:\/\/podlogiznatury.eu\/produkt\/membrane-de-chauffage-par-le-sol-hotfloor\/"},"modified":"2025-09-26T12:16:58","modified_gmt":"2025-09-26T10:16:58","slug":"membrane-de-chauffage-par-le-sol-hotfloor","status":"publish","type":"product","link":"https:\/\/podlogiznatury.eu\/fr\/produkt\/membrane-de-chauffage-par-le-sol-hotfloor\/","title":{"rendered":"Membrane de chauffage par le sol HOTFLOOR"},"content":{"rendered":"","protected":false},"excerpt":{"rendered":"<p><strong>Taille 1m x10<\/strong>.<\/p>\n<p><strong>Film isolant moderne et le seul technologiquement avanc\u00e9 sur le march\u00e9, sp\u00e9cialement d\u00e9velopp\u00e9 pour l&rsquo;installation de syst\u00e8mes de chauffage par le sol.<\/strong><\/p>\n<p>Fabriqu\u00e9 \u00e0 l&rsquo;aide d&rsquo;une m\u00e9thode de collage \u00e0 trois couches de haute technologie. L&rsquo;adh\u00e9sif sp\u00e9cial fournit une couche suppl\u00e9mentaire d&rsquo;isolation avec une barri\u00e8re en polypropyl\u00e8ne m\u00e9tallis\u00e9, qui \u00e9vacue la chaleur de mani\u00e8re uniforme tout en acc\u00e9l\u00e9rant le temps de r\u00e9ponse du syst\u00e8me de chauffage par le sol. <\/p>\n<p>Pour :<\/p>\n<ul>\n<li>\u00e9limine les ponts thermiques au niveau des bords du plancher<\/li>\n<li>excellente barri\u00e8re thermique, augmentant l&rsquo;efficacit\u00e9 du syst\u00e8me de chauffage par le sol<\/li>\n<li>une technologie avanc\u00e9e qui permet d&rsquo;utiliser le film seul ou en compl\u00e9ment d&rsquo;un autre produit d&rsquo;isolation<\/li>\n<li>prot\u00e8ge contre l&rsquo;humidit\u00e9 du mortier de ciment pendant la pose des couches sup\u00e9rieures du sol<\/li>\n<li>surface imperm\u00e9able, non absorbante, imputrescible et r\u00e9sistante aux parasites<\/li>\n<li>100% recyclable<\/li>\n<\/ul>\n","protected":false},"featured_media":3937,"template":"","meta":{"footnotes":""},"product_brand":[],"product_cat":[80],"product_tag":[],"class_list":{"0":"post-4052","1":"product","2":"type-product","3":"status-publish","4":"has-post-thumbnail","6":"product_cat-accessoires","8":"first","9":"instock","10":"taxable","11":"shipping-taxable","12":"purchasable","13":"product-type-simple"},"yoast_head":"<!-- This site is optimized with the Yoast SEO plugin v24.5 - https:\/\/yoast.com\/wordpress\/plugins\/seo\/ -->\n<title>Membrane de chauffage par le sol HOTFLOOR - Pod\u0142ogi z natury<\/title>\n<meta name=\"robots\" content=\"index, follow, max-snippet:-1, max-image-preview:large, max-video-preview:-1\" \/>\n<link rel=\"canonical\" href=\"https:\/\/podlogiznatury.eu\/fr\/produkt\/membrane-de-chauffage-par-le-sol-hotfloor\/\" \/>\n<meta property=\"og:locale\" content=\"fr_FR\" \/>\n<meta property=\"og:type\" content=\"article\" \/>\n<meta property=\"og:title\" content=\"Membrane de chauffage par le sol HOTFLOOR - Pod\u0142ogi z natury\" \/>\n<meta property=\"og:description\" content=\"Taille 1m x10. Film isolant moderne et le seul technologiquement avanc\u00e9 sur le march\u00e9, sp\u00e9cialement d\u00e9velopp\u00e9 pour l&#039;installation de syst\u00e8mes de chauffage par le sol. Fabriqu\u00e9 \u00e0 l&#039;aide d&#039;une m\u00e9thode de collage \u00e0 trois couches de haute technologie. L&#039;adh\u00e9sif sp\u00e9cial fournit une couche suppl\u00e9mentaire d&#039;isolation avec une barri\u00e8re en polypropyl\u00e8ne m\u00e9tallis\u00e9, qui \u00e9vacue la chaleur de mani\u00e8re uniforme tout en acc\u00e9l\u00e9rant le temps de r\u00e9ponse du syst\u00e8me de chauffage par le sol.  Pour :  \u00e9limine les ponts thermiques au niveau des bords du plancher  excellente barri\u00e8re thermique, augmentant l&#039;efficacit\u00e9 du syst\u00e8me de chauffage par le sol  une technologie avanc\u00e9e qui permet d&#039;utiliser le film seul ou en compl\u00e9ment d&#039;un autre produit d&#039;isolation  prot\u00e8ge contre l&#039;humidit\u00e9 du mortier de ciment pendant la pose des couches sup\u00e9rieures du sol  surface imperm\u00e9able, non absorbante, imputrescible et r\u00e9sistante aux parasites  100% recyclable\" \/>\n<meta property=\"og:url\" content=\"https:\/\/podlogiznatury.eu\/fr\/produkt\/membrane-de-chauffage-par-le-sol-hotfloor\/\" \/>\n<meta property=\"og:site_name\" content=\"Pod\u0142ogi z natury\" \/>\n<meta property=\"og:image\" content=\"https:\/\/podlogiznatury.eu\/wp-content\/uploads\/2025\/09\/folia_pod_ogrzewanie_podlogowe.jpg\" \/>\n\t<meta property=\"og:image:width\" content=\"1025\" \/>\n\t<meta property=\"og:image:height\" content=\"640\" \/>\n\t<meta property=\"og:image:type\" content=\"image\/jpeg\" \/>\n<meta name=\"twitter:card\" content=\"summary_large_image\" \/>\n<script type=\"application\/ld+json\" class=\"yoast-schema-graph\">{\"@context\":\"https:\/\/schema.org\",\"@graph\":[{\"@type\":\"WebPage\",\"@id\":\"https:\/\/podlogiznatury.eu\/fr\/produkt\/membrane-de-chauffage-par-le-sol-hotfloor\/\",\"url\":\"https:\/\/podlogiznatury.eu\/fr\/produkt\/membrane-de-chauffage-par-le-sol-hotfloor\/\",\"name\":\"Membrane de chauffage par le sol HOTFLOOR - Pod\u0142ogi z natury\",\"isPartOf\":{\"@id\":\"https:\/\/podlogiznatury.eu\/#website\"},\"primaryImageOfPage\":{\"@id\":\"https:\/\/podlogiznatury.eu\/fr\/produkt\/membrane-de-chauffage-par-le-sol-hotfloor\/#primaryimage\"},\"image\":{\"@id\":\"https:\/\/podlogiznatury.eu\/fr\/produkt\/membrane-de-chauffage-par-le-sol-hotfloor\/#primaryimage\"},\"thumbnailUrl\":\"https:\/\/podlogiznatury.eu\/wp-content\/uploads\/2025\/09\/folia_pod_ogrzewanie_podlogowe.jpg\",\"datePublished\":\"2025-09-26T10:16:58+00:00\",\"breadcrumb\":{\"@id\":\"https:\/\/podlogiznatury.eu\/fr\/produkt\/membrane-de-chauffage-par-le-sol-hotfloor\/#breadcrumb\"},\"inLanguage\":\"fr-FR\",\"potentialAction\":[{\"@type\":\"ReadAction\",\"target\":[\"https:\/\/podlogiznatury.eu\/fr\/produkt\/membrane-de-chauffage-par-le-sol-hotfloor\/\"]}]},{\"@type\":\"ImageObject\",\"inLanguage\":\"fr-FR\",\"@id\":\"https:\/\/podlogiznatury.eu\/fr\/produkt\/membrane-de-chauffage-par-le-sol-hotfloor\/#primaryimage\",\"url\":\"https:\/\/podlogiznatury.eu\/wp-content\/uploads\/2025\/09\/folia_pod_ogrzewanie_podlogowe.jpg\",\"contentUrl\":\"https:\/\/podlogiznatury.eu\/wp-content\/uploads\/2025\/09\/folia_pod_ogrzewanie_podlogowe.jpg\",\"width\":1025,\"height\":640,\"caption\":\"Membrane de chauffage par le sol HOTFLOOR\"},{\"@type\":\"BreadcrumbList\",\"@id\":\"https:\/\/podlogiznatury.eu\/fr\/produkt\/membrane-de-chauffage-par-le-sol-hotfloor\/#breadcrumb\",\"itemListElement\":[{\"@type\":\"ListItem\",\"position\":1,\"name\":\"Strona g\u0142\u00f3wna\",\"item\":\"https:\/\/podlogiznatury.eu\/fr\/\"},{\"@type\":\"ListItem\",\"position\":2,\"name\":\"Sklep\",\"item\":\"https:\/\/podlogiznatury.eu\/sklep\/\"},{\"@type\":\"ListItem\",\"position\":3,\"name\":\"Membrane de chauffage par le sol HOTFLOOR\"}]},{\"@type\":\"WebSite\",\"@id\":\"https:\/\/podlogiznatury.eu\/#website\",\"url\":\"https:\/\/podlogiznatury.eu\/\",\"name\":\"Pod\u0142ogi z natury\",\"description\":\"\",\"potentialAction\":[{\"@type\":\"SearchAction\",\"target\":{\"@type\":\"EntryPoint\",\"urlTemplate\":\"https:\/\/podlogiznatury.eu\/?s={search_term_string}\"},\"query-input\":{\"@type\":\"PropertyValueSpecification\",\"valueRequired\":true,\"valueName\":\"search_term_string\"}}],\"inLanguage\":\"fr-FR\"}]}<\/script>\n<!-- \/ Yoast SEO plugin. -->","yoast_head_json":{"title":"Membrane de chauffage par le sol HOTFLOOR - Pod\u0142ogi z natury","robots":{"index":"index","follow":"follow","max-snippet":"max-snippet:-1","max-image-preview":"max-image-preview:large","max-video-preview":"max-video-preview:-1"},"canonical":"https:\/\/podlogiznatury.eu\/fr\/produkt\/membrane-de-chauffage-par-le-sol-hotfloor\/","og_locale":"fr_FR","og_type":"article","og_title":"Membrane de chauffage par le sol HOTFLOOR - Pod\u0142ogi z natury","og_description":"Taille 1m x10. Film isolant moderne et le seul technologiquement avanc\u00e9 sur le march\u00e9, sp\u00e9cialement d\u00e9velopp\u00e9 pour l'installation de syst\u00e8mes de chauffage par le sol. Fabriqu\u00e9 \u00e0 l'aide d'une m\u00e9thode de collage \u00e0 trois couches de haute technologie. L'adh\u00e9sif sp\u00e9cial fournit une couche suppl\u00e9mentaire d'isolation avec une barri\u00e8re en polypropyl\u00e8ne m\u00e9tallis\u00e9, qui \u00e9vacue la chaleur de mani\u00e8re uniforme tout en acc\u00e9l\u00e9rant le temps de r\u00e9ponse du syst\u00e8me de chauffage par le sol.  Pour :  \u00e9limine les ponts thermiques au niveau des bords du plancher  excellente barri\u00e8re thermique, augmentant l'efficacit\u00e9 du syst\u00e8me de chauffage par le sol  une technologie avanc\u00e9e qui permet d'utiliser le film seul ou en compl\u00e9ment d'un autre produit d'isolation  prot\u00e8ge contre l'humidit\u00e9 du mortier de ciment pendant la pose des couches sup\u00e9rieures du sol  surface imperm\u00e9able, non absorbante, imputrescible et r\u00e9sistante aux parasites  100% recyclable","og_url":"https:\/\/podlogiznatury.eu\/fr\/produkt\/membrane-de-chauffage-par-le-sol-hotfloor\/","og_site_name":"Pod\u0142ogi z natury","og_image":[{"width":1025,"height":640,"url":"https:\/\/podlogiznatury.eu\/wp-content\/uploads\/2025\/09\/folia_pod_ogrzewanie_podlogowe.jpg","type":"image\/jpeg"}],"twitter_card":"summary_large_image","schema":{"@context":"https:\/\/schema.org","@graph":[{"@type":"WebPage","@id":"https:\/\/podlogiznatury.eu\/fr\/produkt\/membrane-de-chauffage-par-le-sol-hotfloor\/","url":"https:\/\/podlogiznatury.eu\/fr\/produkt\/membrane-de-chauffage-par-le-sol-hotfloor\/","name":"Membrane de chauffage par le sol HOTFLOOR - Pod\u0142ogi z natury","isPartOf":{"@id":"https:\/\/podlogiznatury.eu\/#website"},"primaryImageOfPage":{"@id":"https:\/\/podlogiznatury.eu\/fr\/produkt\/membrane-de-chauffage-par-le-sol-hotfloor\/#primaryimage"},"image":{"@id":"https:\/\/podlogiznatury.eu\/fr\/produkt\/membrane-de-chauffage-par-le-sol-hotfloor\/#primaryimage"},"thumbnailUrl":"https:\/\/podlogiznatury.eu\/wp-content\/uploads\/2025\/09\/folia_pod_ogrzewanie_podlogowe.jpg","datePublished":"2025-09-26T10:16:58+00:00","breadcrumb":{"@id":"https:\/\/podlogiznatury.eu\/fr\/produkt\/membrane-de-chauffage-par-le-sol-hotfloor\/#breadcrumb"},"inLanguage":"fr-FR","potentialAction":[{"@type":"ReadAction","target":["https:\/\/podlogiznatury.eu\/fr\/produkt\/membrane-de-chauffage-par-le-sol-hotfloor\/"]}]},{"@type":"ImageObject","inLanguage":"fr-FR","@id":"https:\/\/podlogiznatury.eu\/fr\/produkt\/membrane-de-chauffage-par-le-sol-hotfloor\/#primaryimage","url":"https:\/\/podlogiznatury.eu\/wp-content\/uploads\/2025\/09\/folia_pod_ogrzewanie_podlogowe.jpg","contentUrl":"https:\/\/podlogiznatury.eu\/wp-content\/uploads\/2025\/09\/folia_pod_ogrzewanie_podlogowe.jpg","width":1025,"height":640,"caption":"Membrane de chauffage par le sol HOTFLOOR"},{"@type":"BreadcrumbList","@id":"https:\/\/podlogiznatury.eu\/fr\/produkt\/membrane-de-chauffage-par-le-sol-hotfloor\/#breadcrumb","itemListElement":[{"@type":"ListItem","position":1,"name":"Strona g\u0142\u00f3wna","item":"https:\/\/podlogiznatury.eu\/fr\/"},{"@type":"ListItem","position":2,"name":"Sklep","item":"https:\/\/podlogiznatury.eu\/sklep\/"},{"@type":"ListItem","position":3,"name":"Membrane de chauffage par le sol HOTFLOOR"}]},{"@type":"WebSite","@id":"https:\/\/podlogiznatury.eu\/#website","url":"https:\/\/podlogiznatury.eu\/","name":"Pod\u0142ogi z natury","description":"","potentialAction":[{"@type":"SearchAction","target":{"@type":"EntryPoint","urlTemplate":"https:\/\/podlogiznatury.eu\/?s={search_term_string}"},"query-input":{"@type":"PropertyValueSpecification","valueRequired":true,"valueName":"search_term_string"}}],"inLanguage":"fr-FR"}]}},"_links":{"self":[{"href":"https:\/\/podlogiznatury.eu\/fr\/wp-json\/wp\/v2\/product\/4052","targetHints":{"allow":["GET"]}}],"collection":[{"href":"https:\/\/podlogiznatury.eu\/fr\/wp-json\/wp\/v2\/product"}],"about":[{"href":"https:\/\/podlogiznatury.eu\/fr\/wp-json\/wp\/v2\/types\/product"}],"version-history":[{"count":0,"href":"https:\/\/podlogiznatury.eu\/fr\/wp-json\/wp\/v2\/product\/4052\/revisions"}],"wp:featuredmedia":[{"embeddable":true,"href":"https:\/\/podlogiznatury.eu\/fr\/wp-json\/wp\/v2\/media\/3937"}],"wp:attachment":[{"href":"https:\/\/podlogiznatury.eu\/fr\/wp-json\/wp\/v2\/media?parent=4052"}],"wp:term":[{"taxonomy":"product_brand","embeddable":true,"href":"https:\/\/podlogiznatury.eu\/fr\/wp-json\/wp\/v2\/product_brand?post=4052"},{"taxonomy":"product_cat","embeddable":true,"href":"https:\/\/podlogiznatury.eu\/fr\/wp-json\/wp\/v2\/product_cat?post=4052"},{"taxonomy":"product_tag","embeddable":true,"href":"https:\/\/podlogiznatury.eu\/fr\/wp-json\/wp\/v2\/product_tag?post=4052"}],"curies":[{"name":"wp","href":"https:\/\/api.w.org\/{rel}","templated":true}]}}