{"id":4911,"date":"2026-04-01T10:01:39","date_gmt":"2026-04-01T08:01:39","guid":{"rendered":"https:\/\/podlogiznatury.eu\/?post_type=product&#038;p=4911"},"modified":"2026-04-01T10:05:26","modified_gmt":"2026-04-01T08:05:26","slug":"hotfloor-folie-fur-fusbodenheizung-kopia-kopia-kopia-3","status":"publish","type":"product","link":"https:\/\/podlogiznatury.eu\/de\/produkt\/hotfloor-folie-fur-fusbodenheizung-kopia-kopia-kopia-3\/","title":{"rendered":"HOTFLOOR Folie f\u00fcr Fu\u00dfbodenheizung (Kopia) (Kopia) (Kopia)"},"content":{"rendered":"","protected":false},"excerpt":{"rendered":"<p><strong>Eine moderne und einzigartige, technologisch fortschrittliche D\u00e4mmfolie, die speziell f\u00fcr die Verlegung unter Fu\u00dfbodenheizungen entwickelt wurde.<\/strong><\/p>\n<p>Hergestellt im Hightech-Dreischicht-Klebeverfahren. Der Spezialkleber sorgt f\u00fcr eine zus\u00e4tzliche D\u00e4mmschicht mit einer markierten, metallisierten Polypropylenbarriere, die die W\u00e4rme gleichm\u00e4\u00dfig ableitet und die Reaktionszeit der Fu\u00dfbodenheizung beschleunigt.<\/p>\n<p>Vorteile:<\/p>\n<ul>\n<li>Verhindert W\u00e4rmebr\u00fccken an Bodenr\u00e4ndern.<\/li>\n<li>Hervorragende W\u00e4rmed\u00e4mmung f\u00fcr eine effizientere Fu\u00dfbodenheizung.<\/li>\n<li>Dank der fortschrittlichen Technologie kann die Folie allein oder \u00fcber einem anderen D\u00e4mmstoff verwendet werden.<\/li>\n<li>Sch\u00fctzt vor Feuchtigkeit aus Zementm\u00f6rtel beim Verlegen der oberen Bodenschichten.<\/li>\n<li>Wasserdichte, nicht absorbierende Oberfl\u00e4che, resistent gegen F\u00e4ulnis und Sch\u00e4dlinge.<\/li>\n<li>100 % recycelbar.<\/li>\n<\/ul>\n","protected":false},"featured_media":4917,"template":"","meta":{"footnotes":""},"product_brand":[],"product_cat":[79],"product_tag":[],"class_list":{"0":"post-4911","1":"product","2":"type-product","3":"status-publish","4":"has-post-thumbnail","6":"product_cat-zubehoer","8":"first","9":"instock","10":"taxable","11":"shipping-taxable","12":"purchasable","13":"product-type-simple"},"yoast_head":"<!-- This site is optimized with the Yoast SEO plugin v24.5 - https:\/\/yoast.com\/wordpress\/plugins\/seo\/ -->\n<title>HOTFLOOR Folie f\u00fcr Fu\u00dfbodenheizung (Kopia) (Kopia) (Kopia) - Pod\u0142ogi z natury<\/title>\n<meta name=\"robots\" content=\"index, follow, max-snippet:-1, max-image-preview:large, max-video-preview:-1\" \/>\n<link rel=\"canonical\" href=\"https:\/\/podlogiznatury.eu\/de\/produkt\/hotfloor-folie-fur-fusbodenheizung-kopia-kopia-kopia-3\/\" \/>\n<meta property=\"og:locale\" content=\"de_DE\" \/>\n<meta property=\"og:type\" content=\"article\" \/>\n<meta property=\"og:title\" content=\"HOTFLOOR Folie f\u00fcr Fu\u00dfbodenheizung (Kopia) (Kopia) (Kopia) - Pod\u0142ogi z natury\" \/>\n<meta property=\"og:description\" content=\"Eine moderne und einzigartige, technologisch fortschrittliche D\u00e4mmfolie, die speziell f\u00fcr die Verlegung unter Fu\u00dfbodenheizungen entwickelt wurde.  Hergestellt im Hightech-Dreischicht-Klebeverfahren. Der Spezialkleber sorgt f\u00fcr eine zus\u00e4tzliche D\u00e4mmschicht mit einer markierten, metallisierten Polypropylenbarriere, die die W\u00e4rme gleichm\u00e4\u00dfig ableitet und die Reaktionszeit der Fu\u00dfbodenheizung beschleunigt.  Vorteile:   Verhindert W\u00e4rmebr\u00fccken an Bodenr\u00e4ndern.  Hervorragende W\u00e4rmed\u00e4mmung f\u00fcr eine effizientere Fu\u00dfbodenheizung.  Dank der fortschrittlichen Technologie kann die Folie allein oder \u00fcber einem anderen D\u00e4mmstoff verwendet werden.  Sch\u00fctzt vor Feuchtigkeit aus Zementm\u00f6rtel beim Verlegen der oberen Bodenschichten.  Wasserdichte, nicht absorbierende Oberfl\u00e4che, resistent gegen F\u00e4ulnis und Sch\u00e4dlinge.  100 % recycelbar.\" \/>\n<meta property=\"og:url\" content=\"https:\/\/podlogiznatury.eu\/de\/produkt\/hotfloor-folie-fur-fusbodenheizung-kopia-kopia-kopia-3\/\" \/>\n<meta property=\"og:site_name\" content=\"Pod\u0142ogi z natury\" \/>\n<meta property=\"article:modified_time\" content=\"2026-04-01T08:05:26+00:00\" \/>\n<meta property=\"og:image\" content=\"https:\/\/podlogiznatury.eu\/wp-content\/uploads\/2026\/04\/882-eurobond-hightack.jpg\" \/>\n\t<meta property=\"og:image:width\" content=\"539\" \/>\n\t<meta property=\"og:image:height\" content=\"404\" \/>\n\t<meta property=\"og:image:type\" content=\"image\/jpeg\" \/>\n<meta name=\"twitter:card\" content=\"summary_large_image\" \/>\n<meta name=\"twitter:label1\" content=\"Gesch\u00e4tzte Lesezeit\" \/>\n\t<meta name=\"twitter:data1\" content=\"1\u00a0Minute\" \/>\n<script type=\"application\/ld+json\" class=\"yoast-schema-graph\">{\"@context\":\"https:\/\/schema.org\",\"@graph\":[{\"@type\":\"WebPage\",\"@id\":\"https:\/\/podlogiznatury.eu\/de\/produkt\/hotfloor-folie-fur-fusbodenheizung-kopia-kopia-kopia-3\/\",\"url\":\"https:\/\/podlogiznatury.eu\/de\/produkt\/hotfloor-folie-fur-fusbodenheizung-kopia-kopia-kopia-3\/\",\"name\":\"HOTFLOOR Folie f\u00fcr Fu\u00dfbodenheizung (Kopia) (Kopia) (Kopia) - Pod\u0142ogi z natury\",\"isPartOf\":{\"@id\":\"https:\/\/podlogiznatury.eu\/#website\"},\"primaryImageOfPage\":{\"@id\":\"https:\/\/podlogiznatury.eu\/de\/produkt\/hotfloor-folie-fur-fusbodenheizung-kopia-kopia-kopia-3\/#primaryimage\"},\"image\":{\"@id\":\"https:\/\/podlogiznatury.eu\/de\/produkt\/hotfloor-folie-fur-fusbodenheizung-kopia-kopia-kopia-3\/#primaryimage\"},\"thumbnailUrl\":\"https:\/\/podlogiznatury.eu\/wp-content\/uploads\/2026\/04\/882-eurobond-hightack.jpg\",\"datePublished\":\"2026-04-01T08:01:39+00:00\",\"dateModified\":\"2026-04-01T08:05:26+00:00\",\"breadcrumb\":{\"@id\":\"https:\/\/podlogiznatury.eu\/de\/produkt\/hotfloor-folie-fur-fusbodenheizung-kopia-kopia-kopia-3\/#breadcrumb\"},\"inLanguage\":\"de\",\"potentialAction\":[{\"@type\":\"ReadAction\",\"target\":[\"https:\/\/podlogiznatury.eu\/de\/produkt\/hotfloor-folie-fur-fusbodenheizung-kopia-kopia-kopia-3\/\"]}]},{\"@type\":\"ImageObject\",\"inLanguage\":\"de\",\"@id\":\"https:\/\/podlogiznatury.eu\/de\/produkt\/hotfloor-folie-fur-fusbodenheizung-kopia-kopia-kopia-3\/#primaryimage\",\"url\":\"https:\/\/podlogiznatury.eu\/wp-content\/uploads\/2026\/04\/882-eurobond-hightack.jpg\",\"contentUrl\":\"https:\/\/podlogiznatury.eu\/wp-content\/uploads\/2026\/04\/882-eurobond-hightack.jpg\",\"width\":539,\"height\":404},{\"@type\":\"BreadcrumbList\",\"@id\":\"https:\/\/podlogiznatury.eu\/de\/produkt\/hotfloor-folie-fur-fusbodenheizung-kopia-kopia-kopia-3\/#breadcrumb\",\"itemListElement\":[{\"@type\":\"ListItem\",\"position\":1,\"name\":\"Strona g\u0142\u00f3wna\",\"item\":\"https:\/\/podlogiznatury.eu\/sk\/\"},{\"@type\":\"ListItem\",\"position\":2,\"name\":\"Sklep\",\"item\":\"https:\/\/podlogiznatury.eu\/sklep\/\"},{\"@type\":\"ListItem\",\"position\":3,\"name\":\"HOTFLOOR Folie f\u00fcr Fu\u00dfbodenheizung (Kopia) (Kopia) (Kopia)\"}]},{\"@type\":\"WebSite\",\"@id\":\"https:\/\/podlogiznatury.eu\/#website\",\"url\":\"https:\/\/podlogiznatury.eu\/\",\"name\":\"Pod\u0142ogi z natury\",\"description\":\"\",\"potentialAction\":[{\"@type\":\"SearchAction\",\"target\":{\"@type\":\"EntryPoint\",\"urlTemplate\":\"https:\/\/podlogiznatury.eu\/?s={search_term_string}\"},\"query-input\":{\"@type\":\"PropertyValueSpecification\",\"valueRequired\":true,\"valueName\":\"search_term_string\"}}],\"inLanguage\":\"de\"}]}<\/script>\n<!-- \/ Yoast SEO plugin. -->","yoast_head_json":{"title":"HOTFLOOR Folie f\u00fcr Fu\u00dfbodenheizung (Kopia) (Kopia) (Kopia) - Pod\u0142ogi z natury","robots":{"index":"index","follow":"follow","max-snippet":"max-snippet:-1","max-image-preview":"max-image-preview:large","max-video-preview":"max-video-preview:-1"},"canonical":"https:\/\/podlogiznatury.eu\/de\/produkt\/hotfloor-folie-fur-fusbodenheizung-kopia-kopia-kopia-3\/","og_locale":"de_DE","og_type":"article","og_title":"HOTFLOOR Folie f\u00fcr Fu\u00dfbodenheizung (Kopia) (Kopia) (Kopia) - Pod\u0142ogi z natury","og_description":"Eine moderne und einzigartige, technologisch fortschrittliche D\u00e4mmfolie, die speziell f\u00fcr die Verlegung unter Fu\u00dfbodenheizungen entwickelt wurde.  Hergestellt im Hightech-Dreischicht-Klebeverfahren. Der Spezialkleber sorgt f\u00fcr eine zus\u00e4tzliche D\u00e4mmschicht mit einer markierten, metallisierten Polypropylenbarriere, die die W\u00e4rme gleichm\u00e4\u00dfig ableitet und die Reaktionszeit der Fu\u00dfbodenheizung beschleunigt.  Vorteile:   Verhindert W\u00e4rmebr\u00fccken an Bodenr\u00e4ndern.  Hervorragende W\u00e4rmed\u00e4mmung f\u00fcr eine effizientere Fu\u00dfbodenheizung.  Dank der fortschrittlichen Technologie kann die Folie allein oder \u00fcber einem anderen D\u00e4mmstoff verwendet werden.  Sch\u00fctzt vor Feuchtigkeit aus Zementm\u00f6rtel beim Verlegen der oberen Bodenschichten.  Wasserdichte, nicht absorbierende Oberfl\u00e4che, resistent gegen F\u00e4ulnis und Sch\u00e4dlinge.  100 % recycelbar.","og_url":"https:\/\/podlogiznatury.eu\/de\/produkt\/hotfloor-folie-fur-fusbodenheizung-kopia-kopia-kopia-3\/","og_site_name":"Pod\u0142ogi z natury","article_modified_time":"2026-04-01T08:05:26+00:00","og_image":[{"width":539,"height":404,"url":"https:\/\/podlogiznatury.eu\/wp-content\/uploads\/2026\/04\/882-eurobond-hightack.jpg","type":"image\/jpeg"}],"twitter_card":"summary_large_image","twitter_misc":{"Gesch\u00e4tzte Lesezeit":"1\u00a0Minute"},"schema":{"@context":"https:\/\/schema.org","@graph":[{"@type":"WebPage","@id":"https:\/\/podlogiznatury.eu\/de\/produkt\/hotfloor-folie-fur-fusbodenheizung-kopia-kopia-kopia-3\/","url":"https:\/\/podlogiznatury.eu\/de\/produkt\/hotfloor-folie-fur-fusbodenheizung-kopia-kopia-kopia-3\/","name":"HOTFLOOR Folie f\u00fcr Fu\u00dfbodenheizung (Kopia) (Kopia) (Kopia) - Pod\u0142ogi z natury","isPartOf":{"@id":"https:\/\/podlogiznatury.eu\/#website"},"primaryImageOfPage":{"@id":"https:\/\/podlogiznatury.eu\/de\/produkt\/hotfloor-folie-fur-fusbodenheizung-kopia-kopia-kopia-3\/#primaryimage"},"image":{"@id":"https:\/\/podlogiznatury.eu\/de\/produkt\/hotfloor-folie-fur-fusbodenheizung-kopia-kopia-kopia-3\/#primaryimage"},"thumbnailUrl":"https:\/\/podlogiznatury.eu\/wp-content\/uploads\/2026\/04\/882-eurobond-hightack.jpg","datePublished":"2026-04-01T08:01:39+00:00","dateModified":"2026-04-01T08:05:26+00:00","breadcrumb":{"@id":"https:\/\/podlogiznatury.eu\/de\/produkt\/hotfloor-folie-fur-fusbodenheizung-kopia-kopia-kopia-3\/#breadcrumb"},"inLanguage":"de","potentialAction":[{"@type":"ReadAction","target":["https:\/\/podlogiznatury.eu\/de\/produkt\/hotfloor-folie-fur-fusbodenheizung-kopia-kopia-kopia-3\/"]}]},{"@type":"ImageObject","inLanguage":"de","@id":"https:\/\/podlogiznatury.eu\/de\/produkt\/hotfloor-folie-fur-fusbodenheizung-kopia-kopia-kopia-3\/#primaryimage","url":"https:\/\/podlogiznatury.eu\/wp-content\/uploads\/2026\/04\/882-eurobond-hightack.jpg","contentUrl":"https:\/\/podlogiznatury.eu\/wp-content\/uploads\/2026\/04\/882-eurobond-hightack.jpg","width":539,"height":404},{"@type":"BreadcrumbList","@id":"https:\/\/podlogiznatury.eu\/de\/produkt\/hotfloor-folie-fur-fusbodenheizung-kopia-kopia-kopia-3\/#breadcrumb","itemListElement":[{"@type":"ListItem","position":1,"name":"Strona g\u0142\u00f3wna","item":"https:\/\/podlogiznatury.eu\/sk\/"},{"@type":"ListItem","position":2,"name":"Sklep","item":"https:\/\/podlogiznatury.eu\/sklep\/"},{"@type":"ListItem","position":3,"name":"HOTFLOOR Folie f\u00fcr Fu\u00dfbodenheizung (Kopia) (Kopia) (Kopia)"}]},{"@type":"WebSite","@id":"https:\/\/podlogiznatury.eu\/#website","url":"https:\/\/podlogiznatury.eu\/","name":"Pod\u0142ogi z natury","description":"","potentialAction":[{"@type":"SearchAction","target":{"@type":"EntryPoint","urlTemplate":"https:\/\/podlogiznatury.eu\/?s={search_term_string}"},"query-input":{"@type":"PropertyValueSpecification","valueRequired":true,"valueName":"search_term_string"}}],"inLanguage":"de"}]}},"_links":{"self":[{"href":"https:\/\/podlogiznatury.eu\/de\/wp-json\/wp\/v2\/product\/4911","targetHints":{"allow":["GET"]}}],"collection":[{"href":"https:\/\/podlogiznatury.eu\/de\/wp-json\/wp\/v2\/product"}],"about":[{"href":"https:\/\/podlogiznatury.eu\/de\/wp-json\/wp\/v2\/types\/product"}],"version-history":[{"count":1,"href":"https:\/\/podlogiznatury.eu\/de\/wp-json\/wp\/v2\/product\/4911\/revisions"}],"predecessor-version":[{"id":4919,"href":"https:\/\/podlogiznatury.eu\/de\/wp-json\/wp\/v2\/product\/4911\/revisions\/4919"}],"wp:featuredmedia":[{"embeddable":true,"href":"https:\/\/podlogiznatury.eu\/de\/wp-json\/wp\/v2\/media\/4917"}],"wp:attachment":[{"href":"https:\/\/podlogiznatury.eu\/de\/wp-json\/wp\/v2\/media?parent=4911"}],"wp:term":[{"taxonomy":"product_brand","embeddable":true,"href":"https:\/\/podlogiznatury.eu\/de\/wp-json\/wp\/v2\/product_brand?post=4911"},{"taxonomy":"product_cat","embeddable":true,"href":"https:\/\/podlogiznatury.eu\/de\/wp-json\/wp\/v2\/product_cat?post=4911"},{"taxonomy":"product_tag","embeddable":true,"href":"https:\/\/podlogiznatury.eu\/de\/wp-json\/wp\/v2\/product_tag?post=4911"}],"curies":[{"name":"wp","href":"https:\/\/api.w.org\/{rel}","templated":true}]}}