{"id":3990,"date":"2025-09-26T10:29:45","date_gmt":"2025-09-26T08:29:45","guid":{"rendered":"https:\/\/podlogiznatury.eu\/?post_type=product&#038;p=3990"},"modified":"2025-09-30T21:28:55","modified_gmt":"2025-09-30T19:28:55","slug":"mini-peru-vinyl-panel","status":"publish","type":"product","link":"https:\/\/podlogiznatury.eu\/de\/produkt\/mini-peru-vinyl-panel\/","title":{"rendered":"Mini Peru Vinylplatte"},"content":{"rendered":"","protected":false},"excerpt":{"rendered":"<p><strong>Wenn Sie eine Expresslieferung ben\u00f6tigen, rufen Sie uns bitte an!<\/strong><\/p>\n<p>\n<strong>Peru<\/strong> ist ein <strong>Dekor<\/strong> f\u00fcr alle, die k\u00fchle, moderne Innenr\u00e4ume sch\u00e4tzen. Sein weicher Farbton passt perfekt zu minimalistischen Einrichtungen und skandinavischer \u00c4sthetik. Die klassischen Mini-Paneele dieses Dekors verleihen einem Raum Eleganz und bieten gleichzeitig eine haltbare und feuchtigkeitsbest\u00e4ndige Oberfl\u00e4che.  <\/p>\n<p>Peru zeichnet sich durch ein kleineres Paneelformat als Standardl\u00f6sungen aus, was eine subtilere optische Wirkung und eine pr\u00e4zisere Bodenzeichnung erm\u00f6glicht. Es eignet sich perfekt f\u00fcr eine Fu\u00dfbodenheizung &#8211; auch in der K\u00fcche und im Bad &#8211; und schafft einen koh\u00e4renten, modernen Raum mit einzigartigem Charakter. <\/p>\n<div class=\"mfn-builder-content mfn-default-content-buider\">\n<div class=\"section mcb-section mfn-default-section mcb-section-zcbr1uypv default-width\">\n<div class=\"mcb-background-overlay\"><\/div>\n<div class=\"section_wrapper mcb-section-inner mcb-section-inner-zcbr1uypv\">\n<div class=\"wrap mcb-wrap mcb-wrap-avsi2lfd one tablet-one mobile-one clearfix\" data-desktop-col=\"one\" data-tablet-col=\"tablet-one\" data-mobile-col=\"mobile-one\">\n<div class=\"mcb-wrap-inner mcb-wrap-inner-avsi2lfd\">\n<div class=\"mcb-wrap-background-overlay\"><\/div>\n<div class=\"column mcb-column mcb-item-1nw11g15o one-second tablet-one-second mobile-one column_column\">\n<div class=\"mcb-column-inner mcb-column-inner-1nw11g15o mcb-item-column-inner\">\n<div class=\"column_attr mfn-inline-editor clearfix\">\n<p><strong>Die Nutzungsklasse<\/strong><\/p>\n<p>Klasse 23\/33 bedeutet, dass unsere Vinylplatten f\u00fcr alle stark frequentierten Wohn- und Gesch\u00e4ftsr\u00e4ume geeignet sind.<\/p>\n<\/div>\n<\/div>\n<\/div>\n<div class=\"column mcb-column mcb-item-t8v3t9b0v one-second tablet-one-second mobile-one column_image mte-product-icon-center\">\n<div class=\"mcb-column-inner mcb-column-inner-t8v3t9b0v mcb-item-image-inner\">\n<div class=\"image_frame element_classes image_item no_link scale-with-grid alignnone no_border\">\n<div class=\"image_wrapper\"><img loading=\"lazy\" decoding=\"async\" class=\"scale-with-grid\" src=\"https:\/\/podlogiznatury.eu\/wp-content\/uploads\/2023\/09\/ico_rest.png\" sizes=\"auto, (max-width:767px) 232px, 232px\" srcset=\"https:\/\/podlogiznatury.eu\/wp-content\/uploads\/2023\/09\/ico_rest.png 232w, https:\/\/podlogiznatury.eu\/wp-content\/uploads\/2023\/09\/ico_rest-150x35.png 150w\" alt=\"\" width=\"232\" height=\"54\"><\/div>\n<\/div>\n<\/div>\n<\/div>\n<\/div>\n<\/div>\n<div class=\"wrap mcb-wrap mcb-wrap-uhpxacrgd one tablet-one mobile-one clearfix\" data-desktop-col=\"one\" data-tablet-col=\"tablet-one\" data-mobile-col=\"mobile-one\">\n<div class=\"mcb-wrap-inner mcb-wrap-inner-uhpxacrgd\">\n<div class=\"mcb-wrap-background-overlay\"><\/div>\n<div class=\"column mcb-column mcb-item-dxa1z6p4p one-second tablet-one-second mobile-one column_column\">\n<div class=\"mcb-column-inner mcb-column-inner-dxa1z6p4p mcb-item-column-inner\">\n<div class=\"column_attr mfn-inline-editor clearfix\">\n<p><strong>Garantie<\/strong><\/p>\n<p>Garantieumfang: private Nutzung im Innenbereich<br \/>\nGarantiezeitraum: bis zu 20 Jahre<\/p>\n<p>Garantieumfang: Gewerbliche Nutzung im Innenbereich<br \/>\nGarantiezeitraum: bis zu 15 Jahre<\/p>\n<p><a class=\"pzn-undeline\" href=\"https:\/\/podlogiznatury.eu\/wp-content\/uploads\/2023\/09\/Gwarancja-panele-winylowe-z-kolekcji-Natural-Floors.pdf\" target=\"_blank\" rel=\"noopener\">Details zur Garantie<\/a><\/p>\n<\/div>\n<\/div>\n<\/div>\n<div class=\"column mcb-column mcb-item-vzjwed1q5 one-second tablet-one-second mobile-one column_image mte-product-icon-center\">\n<div class=\"mcb-column-inner mcb-column-inner-vzjwed1q5 mcb-item-image-inner\">\n<div class=\"image_frame element_classes image_item no_link scale-with-grid alignnone no_border\">\n<div class=\"image_wrapper\"><img loading=\"lazy\" decoding=\"async\" class=\"scale-with-grid\" src=\"https:\/\/podlogiznatury.eu\/wp-content\/uploads\/2023\/09\/20-2_140.png\" sizes=\"auto, (max-width:767px) 140px, 140px\" srcset=\"https:\/\/podlogiznatury.eu\/wp-content\/uploads\/2023\/09\/20-2_140.png 140w, https:\/\/podlogiznatury.eu\/wp-content\/uploads\/2023\/09\/20-2_140-75x75.png 75w\" alt=\"\" width=\"140\" height=\"140\"><\/div>\n<\/div>\n<\/div>\n<\/div>\n<\/div>\n<\/div>\n<\/div>\n<\/div>\n<div class=\"section mcb-section mfn-default-section mcb-section-y98tt8v8n pzn-product-icons default-width\">\n<div class=\"mcb-background-overlay\"><\/div>\n<div class=\"section_wrapper mcb-section-inner mcb-section-inner-y98tt8v8n\">\n<div class=\"wrap mcb-wrap mcb-wrap-jnt0jjr04 one-fourth tablet-one-fourth mobile-one clearfix\" data-desktop-col=\"one-fourth\" data-tablet-col=\"tablet-one-fourth\" data-mobile-col=\"mobile-one\">\n<div class=\"mcb-wrap-inner mcb-wrap-inner-jnt0jjr04\">\n<div class=\"mcb-wrap-background-overlay\"><\/div>\n<div class=\"column mcb-column mcb-item-d1kqjb1s one tablet-one mobile-one column_icon_box_2\">\n<div class=\"mcb-column-inner mcb-column-inner-d1kqjb1s mcb-item-icon_box_2-inner\">\n<div class=\"mfn-icon-box mfn-icon-box-top mfn-icon-box-center\">\n<div class=\"icon-wrapper\"><img loading=\"lazy\" decoding=\"async\" class=\"attachment-full size-full\" src=\"https:\/\/podlogiznatury.eu\/wp-content\/uploads\/2023\/09\/ico1.png\" sizes=\"auto, (max-width:767px) 102px, 102px\" srcset=\"https:\/\/podlogiznatury.eu\/wp-content\/uploads\/2023\/09\/ico1.png 102w, https:\/\/podlogiznatury.eu\/wp-content\/uploads\/2023\/09\/ico1-75x75.png 75w\" alt=\"\" width=\"102\" height=\"102\"><\/div>\n<div class=\"desc-wrapper\">\n<h6 class=\"title\">Fu\u00dfbodenheizung<\/h6>\n<\/div>\n<\/div>\n<\/div>\n<\/div>\n<\/div>\n<\/div>\n<div class=\"wrap mcb-wrap mcb-wrap-61aisz8jt one-fourth tablet-one-fourth mobile-one clearfix\" data-desktop-col=\"one-fourth\" data-tablet-col=\"tablet-one-fourth\" data-mobile-col=\"mobile-one\">\n<div class=\"mcb-wrap-inner mcb-wrap-inner-61aisz8jt\">\n<div class=\"mcb-wrap-background-overlay\"><\/div>\n<div class=\"column mcb-column mcb-item-egv1925zk one tablet-one mobile-one column_icon_box_2\">\n<div class=\"mcb-column-inner mcb-column-inner-egv1925zk mcb-item-icon_box_2-inner\">\n<div class=\"mfn-icon-box mfn-icon-box-top mfn-icon-box-center\">\n<div class=\"icon-wrapper\"><img loading=\"lazy\" decoding=\"async\" class=\"attachment-full size-full\" src=\"https:\/\/podlogiznatury.eu\/wp-content\/uploads\/2023\/09\/ico2.png\" sizes=\"auto, (max-width:767px) 102px, 102px\" srcset=\"https:\/\/podlogiznatury.eu\/wp-content\/uploads\/2023\/09\/ico2.png 102w, https:\/\/podlogiznatury.eu\/wp-content\/uploads\/2023\/09\/ico2-75x75.png 75w\" alt=\"\" width=\"102\" height=\"102\"><\/div>\n<div class=\"desc-wrapper\">\n<h6 class=\"title\">Enth\u00e4lt keine sch\u00e4dlichen Substanzen<\/h6>\n<\/div>\n<\/div>\n<\/div>\n<\/div>\n<\/div>\n<\/div>\n<div class=\"wrap mcb-wrap mcb-wrap-fnp5qf53g one-fourth tablet-one-fourth mobile-one clearfix\" data-desktop-col=\"one-fourth\" data-tablet-col=\"tablet-one-fourth\" data-mobile-col=\"mobile-one\">\n<div class=\"mcb-wrap-inner mcb-wrap-inner-fnp5qf53g\">\n<div class=\"mcb-wrap-background-overlay\"><\/div>\n<div class=\"column mcb-column mcb-item-mgjwnv1c one tablet-one mobile-one column_icon_box_2\">\n<div class=\"mcb-column-inner mcb-column-inner-mgjwnv1c mcb-item-icon_box_2-inner\">\n<div class=\"mfn-icon-box mfn-icon-box-top mfn-icon-box-center\">\n<div class=\"icon-wrapper\"><img loading=\"lazy\" decoding=\"async\" class=\"attachment-full size-full\" src=\"https:\/\/podlogiznatury.eu\/wp-content\/uploads\/2023\/09\/ico3.png\" sizes=\"auto, (max-width:767px) 102px, 102px\" srcset=\"https:\/\/podlogiznatury.eu\/wp-content\/uploads\/2023\/09\/ico3.png 102w, https:\/\/podlogiznatury.eu\/wp-content\/uploads\/2023\/09\/ico3-75x75.png 75w\" alt=\"\" width=\"102\" height=\"102\"><\/div>\n<div class=\"desc-wrapper\">\n<h6 class=\"title\">Leiser und warmer Boden<\/h6>\n<\/div>\n<\/div>\n<\/div>\n<\/div>\n<\/div>\n<\/div>\n<div class=\"wrap mcb-wrap mcb-wrap-mw6g3w0dq one-fourth tablet-one-fourth mobile-one clearfix\" data-desktop-col=\"one-fourth\" data-tablet-col=\"tablet-one-fourth\" data-mobile-col=\"mobile-one\">\n<div class=\"mcb-wrap-inner mcb-wrap-inner-mw6g3w0dq\">\n<div class=\"mcb-wrap-background-overlay\"><\/div>\n<div class=\"column mcb-column mcb-item-35wt84h5y one tablet-one mobile-one column_icon_box_2\">\n<div class=\"mcb-column-inner mcb-column-inner-35wt84h5y mcb-item-icon_box_2-inner\">\n<div class=\"mfn-icon-box mfn-icon-box-top mfn-icon-box-center\">\n<div class=\"icon-wrapper\"><img loading=\"lazy\" decoding=\"async\" class=\"attachment-full size-full\" src=\"https:\/\/podlogiznatury.eu\/wp-content\/uploads\/2023\/09\/ico4.png\" sizes=\"auto, (max-width:767px) 102px, 102px\" srcset=\"https:\/\/podlogiznatury.eu\/wp-content\/uploads\/2023\/09\/ico4.png 102w, https:\/\/podlogiznatury.eu\/wp-content\/uploads\/2023\/09\/ico4-75x75.png 75w\" alt=\"\" width=\"102\" height=\"102\"><\/div>\n<div class=\"desc-wrapper\">\n<h6 class=\"title\">100% wasserdicht<\/h6>\n<\/div>\n<\/div>\n<\/div>\n<\/div>\n<\/div>\n<\/div>\n<\/div>\n<\/div>\n<div class=\"section mcb-section mfn-default-section mcb-section-8nngbpbn pzn-product-icons default-width\">\n<div class=\"mcb-background-overlay\"><\/div>\n<div class=\"section_wrapper mcb-section-inner mcb-section-inner-8nngbpbn\">\n<div class=\"wrap mcb-wrap mcb-wrap-nqeqbzs5 one-fourth tablet-one-fourth mobile-one clearfix\" data-desktop-col=\"one-fourth\" data-tablet-col=\"tablet-one-fourth\" data-mobile-col=\"mobile-one\">\n<div class=\"mcb-wrap-inner mcb-wrap-inner-nqeqbzs5\">\n<div class=\"mcb-wrap-background-overlay\"><\/div>\n<div class=\"column mcb-column mcb-item-af3drmbb one tablet-one mobile-one column_icon_box_2\">\n<div class=\"mcb-column-inner mcb-column-inner-af3drmbb mcb-item-icon_box_2-inner\">\n<div class=\"mfn-icon-box mfn-icon-box-top mfn-icon-box-center\">\n<div class=\"icon-wrapper\"><img loading=\"lazy\" decoding=\"async\" class=\"attachment-full size-full\" src=\"https:\/\/podlogiznatury.eu\/wp-content\/uploads\/2023\/09\/i1.png\" sizes=\"auto, (max-width:767px) 102px, 102px\" srcset=\"https:\/\/podlogiznatury.eu\/wp-content\/uploads\/2023\/09\/i1.png 102w, https:\/\/podlogiznatury.eu\/wp-content\/uploads\/2023\/09\/i1-75x75.png 75w\" alt=\"\" width=\"102\" height=\"102\"><\/div>\n<div class=\"desc-wrapper\">\n<h6 class=\"title\">Einfache Installation<\/h6>\n<\/div>\n<\/div>\n<\/div>\n<\/div>\n<\/div>\n<\/div>\n<div class=\"wrap mcb-wrap mcb-wrap-l7t2v02b one-fourth tablet-one-fourth mobile-one clearfix\" data-desktop-col=\"one-fourth\" data-tablet-col=\"tablet-one-fourth\" data-mobile-col=\"mobile-one\">\n<div class=\"mcb-wrap-inner mcb-wrap-inner-l7t2v02b\">\n<div class=\"mcb-wrap-background-overlay\"><\/div>\n<div class=\"column mcb-column mcb-item-ro11v9sxk one tablet-one mobile-one column_icon_box_2\">\n<div class=\"mcb-column-inner mcb-column-inner-ro11v9sxk mcb-item-icon_box_2-inner\">\n<div class=\"mfn-icon-box mfn-icon-box-top mfn-icon-box-center\">\n<div class=\"icon-wrapper\"><img loading=\"lazy\" decoding=\"async\" class=\"attachment-full size-full\" src=\"https:\/\/podlogiznatury.eu\/wp-content\/uploads\/2023\/09\/i2.png\" sizes=\"auto, (max-width:767px) 102px, 102px\" srcset=\"https:\/\/podlogiznatury.eu\/wp-content\/uploads\/2023\/09\/i2.png 102w, https:\/\/podlogiznatury.eu\/wp-content\/uploads\/2023\/09\/i2-75x75.png 75w\" alt=\"\" width=\"102\" height=\"102\"><\/div>\n<div class=\"desc-wrapper\">\n<h6 class=\"title\">Holzstruktur<\/h6>\n<\/div>\n<\/div>\n<\/div>\n<\/div>\n<\/div>\n<\/div>\n<div class=\"wrap mcb-wrap mcb-wrap-g8zq9k1n one-fourth tablet-one-fourth mobile-one clearfix\" data-desktop-col=\"one-fourth\" data-tablet-col=\"tablet-one-fourth\" data-mobile-col=\"mobile-one\">\n<div class=\"mcb-wrap-inner mcb-wrap-inner-g8zq9k1n\">\n<div class=\"mcb-wrap-background-overlay\"><\/div>\n<div class=\"column mcb-column mcb-item-91np4c6t9 one tablet-one mobile-one column_icon_box_2\">\n<div class=\"mcb-column-inner mcb-column-inner-91np4c6t9 mcb-item-icon_box_2-inner\">\n<div class=\"mfn-icon-box mfn-icon-box-top mfn-icon-box-center\">\n<div class=\"icon-wrapper\"><img loading=\"lazy\" decoding=\"async\" class=\"attachment-full size-full\" src=\"https:\/\/podlogiznatury.eu\/wp-content\/uploads\/2023\/09\/i3.png\" sizes=\"auto, (max-width:767px) 102px, 102px\" srcset=\"https:\/\/podlogiznatury.eu\/wp-content\/uploads\/2023\/09\/i3.png 102w, https:\/\/podlogiznatury.eu\/wp-content\/uploads\/2023\/09\/i3-75x75.png 75w\" alt=\"\" width=\"102\" height=\"102\"><\/div>\n<div class=\"desc-wrapper\">\n<h6 class=\"title\">Starke Schl\u00f6sser<\/h6>\n<\/div>\n<\/div>\n<\/div>\n<\/div>\n<\/div>\n<\/div>\n<div class=\"wrap mcb-wrap mcb-wrap-me0srtsns one-fourth tablet-one-fourth mobile-one clearfix\" data-desktop-col=\"one-fourth\" data-tablet-col=\"tablet-one-fourth\" data-mobile-col=\"mobile-one\">\n<div class=\"mcb-wrap-inner mcb-wrap-inner-me0srtsns\">\n<div class=\"mcb-wrap-background-overlay\"><\/div>\n<div class=\"column mcb-column mcb-item-221wfx33h one tablet-one mobile-one column_icon_box_2\">\n<div class=\"mcb-column-inner mcb-column-inner-221wfx33h mcb-item-icon_box_2-inner\">\n<div class=\"mfn-icon-box mfn-icon-box-top mfn-icon-box-center\">\n<div class=\"icon-wrapper\"><img loading=\"lazy\" decoding=\"async\" class=\"attachment-full size-full\" src=\"https:\/\/podlogiznatury.eu\/wp-content\/uploads\/2023\/09\/i4-4.png\" sizes=\"auto, (max-width:767px) 102px, 102px\" srcset=\"https:\/\/podlogiznatury.eu\/wp-content\/uploads\/2023\/09\/i4-4.png 102w, https:\/\/podlogiznatury.eu\/wp-content\/uploads\/2023\/09\/i4-4-75x75.png 75w\" alt=\"\" width=\"102\" height=\"102\"><\/div>\n<div class=\"desc-wrapper\">\n<h6 class=\"title\">Anti-Rutsch-Oberfl\u00e4che<\/h6>\n<\/div>\n<\/div>\n<\/div>\n<\/div>\n<\/div>\n<\/div>\n<\/div>\n<\/div>\n<\/div>\n","protected":false},"featured_media":3891,"template":"","meta":{"footnotes":""},"product_brand":[],"product_cat":[92,70],"product_tag":[],"class_list":{"0":"post-3990","1":"product","2":"type-product","3":"status-publish","4":"has-post-thumbnail","6":"product_cat-klassisches-mini-panel","7":"product_cat-vinylplatten","9":"first","10":"instock","11":"sale","12":"taxable","13":"shipping-taxable","14":"purchasable","15":"product-type-simple"},"yoast_head":"<!-- This site is optimized with the Yoast SEO plugin v24.5 - https:\/\/yoast.com\/wordpress\/plugins\/seo\/ -->\n<title>Mini Peru Vinylplatte - Pod\u0142ogi z natury<\/title>\n<meta name=\"robots\" content=\"index, follow, max-snippet:-1, max-image-preview:large, max-video-preview:-1\" \/>\n<link rel=\"canonical\" href=\"https:\/\/podlogiznatury.eu\/de\/produkt\/mini-peru-vinyl-panel\/\" \/>\n<meta property=\"og:locale\" content=\"de_DE\" \/>\n<meta property=\"og:type\" content=\"article\" \/>\n<meta property=\"og:title\" content=\"Mini Peru Vinylplatte - Pod\u0142ogi z natury\" \/>\n<meta property=\"og:description\" content=\"Wenn Sie eine Expresslieferung ben\u00f6tigen, rufen Sie uns bitte an! Peru ist ein Dekor f\u00fcr alle, die k\u00fchle, moderne Innenr\u00e4ume sch\u00e4tzen. Sein weicher Farbton passt perfekt zu minimalistischen Einrichtungen und skandinavischer \u00c4sthetik. Die klassischen Mini-Paneele dieses Dekors verleihen einem Raum Eleganz und bieten gleichzeitig eine haltbare und feuchtigkeitsbest\u00e4ndige Oberfl\u00e4che.  Peru zeichnet sich durch ein kleineres Paneelformat als Standardl\u00f6sungen aus, was eine subtilere optische Wirkung und eine pr\u00e4zisere Bodenzeichnung erm\u00f6glicht. Es eignet sich perfekt f\u00fcr eine Fu\u00dfbodenheizung - auch in der K\u00fcche und im Bad - und schafft einen koh\u00e4renten, modernen Raum mit einzigartigem Charakter.        Die Nutzungsklasse Klasse 23\/33 bedeutet, dass unsere Vinylplatten f\u00fcr alle stark frequentierten Wohn- und Gesch\u00e4ftsr\u00e4ume geeignet sind.           Garantie Garantieumfang: private Nutzung im Innenbereich Garantiezeitraum: bis zu 20 Jahre Garantieumfang: Gewerbliche Nutzung im Innenbereich Garantiezeitraum: bis zu 15 Jahre Details zur Garantie              Fu\u00dfbodenheizung        Enth\u00e4lt keine sch\u00e4dlichen Substanzen        Leiser und warmer Boden        100% wasserdicht          Einfache Installation        Holzstruktur        Starke Schl\u00f6sser        Anti-Rutsch-Oberfl\u00e4che\" \/>\n<meta property=\"og:url\" content=\"https:\/\/podlogiznatury.eu\/de\/produkt\/mini-peru-vinyl-panel\/\" \/>\n<meta property=\"og:site_name\" content=\"Pod\u0142ogi z natury\" \/>\n<meta property=\"article:modified_time\" content=\"2025-09-30T19:28:55+00:00\" \/>\n<meta property=\"og:image\" content=\"https:\/\/podlogiznatury.eu\/wp-content\/uploads\/2025\/09\/Peru-layout.jpeg\" \/>\n\t<meta property=\"og:image:width\" content=\"1164\" \/>\n\t<meta property=\"og:image:height\" content=\"1600\" \/>\n\t<meta property=\"og:image:type\" content=\"image\/jpeg\" \/>\n<meta name=\"twitter:card\" content=\"summary_large_image\" \/>\n<meta name=\"twitter:label1\" content=\"Gesch\u00e4tzte Lesezeit\" \/>\n\t<meta name=\"twitter:data1\" content=\"1\u00a0Minute\" \/>\n<script type=\"application\/ld+json\" class=\"yoast-schema-graph\">{\"@context\":\"https:\/\/schema.org\",\"@graph\":[{\"@type\":\"WebPage\",\"@id\":\"https:\/\/podlogiznatury.eu\/de\/produkt\/mini-peru-vinyl-panel\/\",\"url\":\"https:\/\/podlogiznatury.eu\/de\/produkt\/mini-peru-vinyl-panel\/\",\"name\":\"Mini Peru Vinylplatte - Pod\u0142ogi z natury\",\"isPartOf\":{\"@id\":\"https:\/\/podlogiznatury.eu\/#website\"},\"primaryImageOfPage\":{\"@id\":\"https:\/\/podlogiznatury.eu\/de\/produkt\/mini-peru-vinyl-panel\/#primaryimage\"},\"image\":{\"@id\":\"https:\/\/podlogiznatury.eu\/de\/produkt\/mini-peru-vinyl-panel\/#primaryimage\"},\"thumbnailUrl\":\"https:\/\/podlogiznatury.eu\/wp-content\/uploads\/2025\/09\/Peru-layout.jpeg\",\"datePublished\":\"2025-09-26T08:29:45+00:00\",\"dateModified\":\"2025-09-30T19:28:55+00:00\",\"breadcrumb\":{\"@id\":\"https:\/\/podlogiznatury.eu\/de\/produkt\/mini-peru-vinyl-panel\/#breadcrumb\"},\"inLanguage\":\"de\",\"potentialAction\":[{\"@type\":\"ReadAction\",\"target\":[\"https:\/\/podlogiznatury.eu\/de\/produkt\/mini-peru-vinyl-panel\/\"]}]},{\"@type\":\"ImageObject\",\"inLanguage\":\"de\",\"@id\":\"https:\/\/podlogiznatury.eu\/de\/produkt\/mini-peru-vinyl-panel\/#primaryimage\",\"url\":\"https:\/\/podlogiznatury.eu\/wp-content\/uploads\/2025\/09\/Peru-layout.jpeg\",\"contentUrl\":\"https:\/\/podlogiznatury.eu\/wp-content\/uploads\/2025\/09\/Peru-layout.jpeg\",\"width\":1164,\"height\":1600},{\"@type\":\"BreadcrumbList\",\"@id\":\"https:\/\/podlogiznatury.eu\/de\/produkt\/mini-peru-vinyl-panel\/#breadcrumb\",\"itemListElement\":[{\"@type\":\"ListItem\",\"position\":1,\"name\":\"Strona g\u0142\u00f3wna\",\"item\":\"https:\/\/podlogiznatury.eu\/sk\/\"},{\"@type\":\"ListItem\",\"position\":2,\"name\":\"Sklep\",\"item\":\"https:\/\/podlogiznatury.eu\/sklep\/\"},{\"@type\":\"ListItem\",\"position\":3,\"name\":\"Mini Peru Vinylplatte\"}]},{\"@type\":\"WebSite\",\"@id\":\"https:\/\/podlogiznatury.eu\/#website\",\"url\":\"https:\/\/podlogiznatury.eu\/\",\"name\":\"Pod\u0142ogi z natury\",\"description\":\"\",\"potentialAction\":[{\"@type\":\"SearchAction\",\"target\":{\"@type\":\"EntryPoint\",\"urlTemplate\":\"https:\/\/podlogiznatury.eu\/?s={search_term_string}\"},\"query-input\":{\"@type\":\"PropertyValueSpecification\",\"valueRequired\":true,\"valueName\":\"search_term_string\"}}],\"inLanguage\":\"de\"}]}<\/script>\n<!-- \/ Yoast SEO plugin. -->","yoast_head_json":{"title":"Mini Peru Vinylplatte - Pod\u0142ogi z natury","robots":{"index":"index","follow":"follow","max-snippet":"max-snippet:-1","max-image-preview":"max-image-preview:large","max-video-preview":"max-video-preview:-1"},"canonical":"https:\/\/podlogiznatury.eu\/de\/produkt\/mini-peru-vinyl-panel\/","og_locale":"de_DE","og_type":"article","og_title":"Mini Peru Vinylplatte - Pod\u0142ogi z natury","og_description":"Wenn Sie eine Expresslieferung ben\u00f6tigen, rufen Sie uns bitte an! Peru ist ein Dekor f\u00fcr alle, die k\u00fchle, moderne Innenr\u00e4ume sch\u00e4tzen. Sein weicher Farbton passt perfekt zu minimalistischen Einrichtungen und skandinavischer \u00c4sthetik. Die klassischen Mini-Paneele dieses Dekors verleihen einem Raum Eleganz und bieten gleichzeitig eine haltbare und feuchtigkeitsbest\u00e4ndige Oberfl\u00e4che.  Peru zeichnet sich durch ein kleineres Paneelformat als Standardl\u00f6sungen aus, was eine subtilere optische Wirkung und eine pr\u00e4zisere Bodenzeichnung erm\u00f6glicht. Es eignet sich perfekt f\u00fcr eine Fu\u00dfbodenheizung - auch in der K\u00fcche und im Bad - und schafft einen koh\u00e4renten, modernen Raum mit einzigartigem Charakter.        Die Nutzungsklasse Klasse 23\/33 bedeutet, dass unsere Vinylplatten f\u00fcr alle stark frequentierten Wohn- und Gesch\u00e4ftsr\u00e4ume geeignet sind.           Garantie Garantieumfang: private Nutzung im Innenbereich Garantiezeitraum: bis zu 20 Jahre Garantieumfang: Gewerbliche Nutzung im Innenbereich Garantiezeitraum: bis zu 15 Jahre Details zur Garantie              Fu\u00dfbodenheizung        Enth\u00e4lt keine sch\u00e4dlichen Substanzen        Leiser und warmer Boden        100% wasserdicht          Einfache Installation        Holzstruktur        Starke Schl\u00f6sser        Anti-Rutsch-Oberfl\u00e4che","og_url":"https:\/\/podlogiznatury.eu\/de\/produkt\/mini-peru-vinyl-panel\/","og_site_name":"Pod\u0142ogi z natury","article_modified_time":"2025-09-30T19:28:55+00:00","og_image":[{"width":1164,"height":1600,"url":"https:\/\/podlogiznatury.eu\/wp-content\/uploads\/2025\/09\/Peru-layout.jpeg","type":"image\/jpeg"}],"twitter_card":"summary_large_image","twitter_misc":{"Gesch\u00e4tzte Lesezeit":"1\u00a0Minute"},"schema":{"@context":"https:\/\/schema.org","@graph":[{"@type":"WebPage","@id":"https:\/\/podlogiznatury.eu\/de\/produkt\/mini-peru-vinyl-panel\/","url":"https:\/\/podlogiznatury.eu\/de\/produkt\/mini-peru-vinyl-panel\/","name":"Mini Peru Vinylplatte - Pod\u0142ogi z natury","isPartOf":{"@id":"https:\/\/podlogiznatury.eu\/#website"},"primaryImageOfPage":{"@id":"https:\/\/podlogiznatury.eu\/de\/produkt\/mini-peru-vinyl-panel\/#primaryimage"},"image":{"@id":"https:\/\/podlogiznatury.eu\/de\/produkt\/mini-peru-vinyl-panel\/#primaryimage"},"thumbnailUrl":"https:\/\/podlogiznatury.eu\/wp-content\/uploads\/2025\/09\/Peru-layout.jpeg","datePublished":"2025-09-26T08:29:45+00:00","dateModified":"2025-09-30T19:28:55+00:00","breadcrumb":{"@id":"https:\/\/podlogiznatury.eu\/de\/produkt\/mini-peru-vinyl-panel\/#breadcrumb"},"inLanguage":"de","potentialAction":[{"@type":"ReadAction","target":["https:\/\/podlogiznatury.eu\/de\/produkt\/mini-peru-vinyl-panel\/"]}]},{"@type":"ImageObject","inLanguage":"de","@id":"https:\/\/podlogiznatury.eu\/de\/produkt\/mini-peru-vinyl-panel\/#primaryimage","url":"https:\/\/podlogiznatury.eu\/wp-content\/uploads\/2025\/09\/Peru-layout.jpeg","contentUrl":"https:\/\/podlogiznatury.eu\/wp-content\/uploads\/2025\/09\/Peru-layout.jpeg","width":1164,"height":1600},{"@type":"BreadcrumbList","@id":"https:\/\/podlogiznatury.eu\/de\/produkt\/mini-peru-vinyl-panel\/#breadcrumb","itemListElement":[{"@type":"ListItem","position":1,"name":"Strona g\u0142\u00f3wna","item":"https:\/\/podlogiznatury.eu\/sk\/"},{"@type":"ListItem","position":2,"name":"Sklep","item":"https:\/\/podlogiznatury.eu\/sklep\/"},{"@type":"ListItem","position":3,"name":"Mini Peru Vinylplatte"}]},{"@type":"WebSite","@id":"https:\/\/podlogiznatury.eu\/#website","url":"https:\/\/podlogiznatury.eu\/","name":"Pod\u0142ogi z natury","description":"","potentialAction":[{"@type":"SearchAction","target":{"@type":"EntryPoint","urlTemplate":"https:\/\/podlogiznatury.eu\/?s={search_term_string}"},"query-input":{"@type":"PropertyValueSpecification","valueRequired":true,"valueName":"search_term_string"}}],"inLanguage":"de"}]}},"_links":{"self":[{"href":"https:\/\/podlogiznatury.eu\/de\/wp-json\/wp\/v2\/product\/3990","targetHints":{"allow":["GET"]}}],"collection":[{"href":"https:\/\/podlogiznatury.eu\/de\/wp-json\/wp\/v2\/product"}],"about":[{"href":"https:\/\/podlogiznatury.eu\/de\/wp-json\/wp\/v2\/types\/product"}],"version-history":[{"count":2,"href":"https:\/\/podlogiznatury.eu\/de\/wp-json\/wp\/v2\/product\/3990\/revisions"}],"predecessor-version":[{"id":4022,"href":"https:\/\/podlogiznatury.eu\/de\/wp-json\/wp\/v2\/product\/3990\/revisions\/4022"}],"wp:featuredmedia":[{"embeddable":true,"href":"https:\/\/podlogiznatury.eu\/de\/wp-json\/wp\/v2\/media\/3891"}],"wp:attachment":[{"href":"https:\/\/podlogiznatury.eu\/de\/wp-json\/wp\/v2\/media?parent=3990"}],"wp:term":[{"taxonomy":"product_brand","embeddable":true,"href":"https:\/\/podlogiznatury.eu\/de\/wp-json\/wp\/v2\/product_brand?post=3990"},{"taxonomy":"product_cat","embeddable":true,"href":"https:\/\/podlogiznatury.eu\/de\/wp-json\/wp\/v2\/product_cat?post=3990"},{"taxonomy":"product_tag","embeddable":true,"href":"https:\/\/podlogiznatury.eu\/de\/wp-json\/wp\/v2\/product_tag?post=3990"}],"curies":[{"name":"wp","href":"https:\/\/api.w.org\/{rel}","templated":true}]}}